{"id":31111,"date":"2023-10-05T15:29:19","date_gmt":"2023-10-05T13:29:19","guid":{"rendered":"https:\/\/arinet.nl\/?page_id=31111"},"modified":"2023-10-05T15:29:19","modified_gmt":"2023-10-05T13:29:19","slug":"ari-dealerspike","status":"publish","type":"page","link":"https:\/\/arinet.nl\/fr\/ari-dealerspike\/","title":{"rendered":"ARI International Customer Letter"},"content":{"rendered":"<p><em>\u00c0 nos pr\u00e9cieux clients,<\/em><\/p>\n<p><em>Nous sommes ravis de vous annoncer qu&#8217;ARI change son nom de marque pour Dealer Spike. Soyez assur\u00e9 que notre nom de marque est la seule chose qui change. Les m\u00eames personnes formidables continueront \u00e0 fournir le m\u00eame support, les services et la suite de produits de premier ordre que vous attendez, notamment les sites Web, la vente au d\u00e9tail num\u00e9rique, le commerce \u00e9lectronique, le marketing num\u00e9rique, les outils de catalogue en ligne, et bien plus encore.<\/em><\/p>\n<p><em>En fait, ARI et Dealer Spike partagent la m\u00eame soci\u00e9t\u00e9 m\u00e8re, les m\u00eames \u00e9quipes et la m\u00eame technologie depuis des ann\u00e9es. En rationalisant nos marques et nos communications orient\u00e9es march\u00e9, nous pouvons nous concentrer encore plus sur nos clients, tandis que les solutions et les \u00e9quipes en qui vous avez confiance continueront sans interruption.<\/em><\/p>\n<p><em>Pour assurer une transition en douceur, certaines instances de la marque ARI seront transf\u00e9r\u00e9es sur une p\u00e9riode plus longue, mais une grande partie du changement de marque sera achev\u00e9e dans les prochaines semaines.<\/em><\/p>\n<p><em>Si vous avez des questions sur cette annonce ou si vous souhaitez discuter de nouvelles fa\u00e7ons dont nous pouvons vous aider \u00e0 d\u00e9velopper votre entreprise, veuillez contacter votre repr\u00e9sentant Customer Success.<\/em><\/p>\n<p><em>Merci pour votre confiance et votre confiance. Nous sommes impatients de r\u00e9pondre aux besoins de votre entreprise pendant de nombreuses ann\u00e9es \u00e0 venir.<\/em><\/p>\n<p>&nbsp;<\/p>\n<p><em>Votre \u00e9quipe de revendeur Spike<\/em><\/p>\n","protected":false},"excerpt":{"rendered":"\u00c0 nos pr\u00e9cieux clients, Nous sommes ravis de vous annoncer qu&#8217;ARI change son nom de marque pour Dealer Spike. Soyez assur\u00e9 que notre nom de marque est la seule chose qui change. Les m\u00eames personnes formidables continueront \u00e0 fournir le m\u00eame support, les services et la suite de produits de premier ordre que vous attendez, [&hellip;]","protected":false},"author":1,"featured_media":0,"parent":0,"menu_order":0,"comment_status":"closed","ping_status":"closed","template":"page-ari-dealerspike.php","meta":{"_acf_changed":false,"footnotes":""},"class_list":["post-31111","page","type-page","status-publish","hentry"],"acf":[],"yoast_head":"<!-- This site is optimized with the Yoast SEO plugin v24.2 - https:\/\/yoast.com\/wordpress\/plugins\/seo\/ -->\n<title>ARI International Customer Letter - ARI International<\/title>\n<meta name=\"robots\" content=\"index, follow, max-snippet:-1, max-image-preview:large, max-video-preview:-1\" \/>\n<link rel=\"canonical\" href=\"https:\/\/arinet.nl\/fr\/ari-dealerspike\/\" \/>\n<meta property=\"og:locale\" content=\"fr_FR\" \/>\n<meta property=\"og:type\" content=\"article\" \/>\n<meta property=\"og:title\" content=\"ARI International Customer Letter - ARI International\" \/>\n<meta property=\"og:description\" content=\"\u00c0 nos pr\u00e9cieux clients, Nous sommes ravis de vous annoncer qu&#8217;ARI change son nom de marque pour Dealer Spike. Soyez assur\u00e9 que notre nom de marque est la seule chose qui change. Les m\u00eames personnes formidables continueront \u00e0 fournir le m\u00eame support, les services et la suite de produits de premier ordre que vous attendez, [&hellip;]\" \/>\n<meta property=\"og:url\" content=\"https:\/\/arinet.nl\/fr\/ari-dealerspike\/\" \/>\n<meta property=\"og:site_name\" content=\"ARI International\" \/>\n<meta name=\"twitter:card\" content=\"summary_large_image\" \/>\n<meta name=\"twitter:label1\" content=\"Est. reading time\" \/>\n\t<meta name=\"twitter:data1\" content=\"1 minute\" \/>\n<script type=\"application\/ld+json\" class=\"yoast-schema-graph\">{\"@context\":\"https:\/\/schema.org\",\"@graph\":[{\"@type\":\"WebPage\",\"@id\":\"https:\/\/arinet.nl\/fr\/ari-dealerspike\/\",\"url\":\"https:\/\/arinet.nl\/fr\/ari-dealerspike\/\",\"name\":\"ARI International Customer Letter - ARI International\",\"isPartOf\":{\"@id\":\"https:\/\/arinet.nl\/fr\/#website\"},\"datePublished\":\"2023-10-05T13:29:19+00:00\",\"dateModified\":\"2023-10-05T13:29:19+00:00\",\"breadcrumb\":{\"@id\":\"https:\/\/arinet.nl\/fr\/ari-dealerspike\/#breadcrumb\"},\"inLanguage\":\"fr-FR\",\"potentialAction\":[{\"@type\":\"ReadAction\",\"target\":[\"https:\/\/arinet.nl\/fr\/ari-dealerspike\/\"]}]},{\"@type\":\"BreadcrumbList\",\"@id\":\"https:\/\/arinet.nl\/fr\/ari-dealerspike\/#breadcrumb\",\"itemListElement\":[{\"@type\":\"ListItem\",\"position\":1,\"name\":\"Home\",\"item\":\"https:\/\/arinet.nl\/fr\/\"},{\"@type\":\"ListItem\",\"position\":2,\"name\":\"ARI International Customer Letter\"}]},{\"@type\":\"WebSite\",\"@id\":\"https:\/\/arinet.nl\/fr\/#website\",\"url\":\"https:\/\/arinet.nl\/fr\/\",\"name\":\"LeadVenture\",\"description\":\"\",\"publisher\":{\"@id\":\"https:\/\/arinet.nl\/fr\/#organization\"},\"potentialAction\":[{\"@type\":\"SearchAction\",\"target\":{\"@type\":\"EntryPoint\",\"urlTemplate\":\"https:\/\/arinet.nl\/fr\/?s={search_term_string}\"},\"query-input\":{\"@type\":\"PropertyValueSpecification\",\"valueRequired\":true,\"valueName\":\"search_term_string\"}}],\"inLanguage\":\"fr-FR\"},{\"@type\":\"Organization\",\"@id\":\"https:\/\/arinet.nl\/fr\/#organization\",\"name\":\"LeadVenture\",\"url\":\"https:\/\/arinet.nl\/fr\/\",\"logo\":{\"@type\":\"ImageObject\",\"inLanguage\":\"fr-FR\",\"@id\":\"https:\/\/arinet.nl\/fr\/#\/schema\/logo\/image\/\",\"url\":\"https:\/\/arinet.nl\/wp-content\/uploads\/2026\/02\/lvlogo.png\",\"contentUrl\":\"https:\/\/arinet.nl\/wp-content\/uploads\/2026\/02\/lvlogo.png\",\"width\":437,\"height\":160,\"caption\":\"LeadVenture\"},\"image\":{\"@id\":\"https:\/\/arinet.nl\/fr\/#\/schema\/logo\/image\/\"}}]}<\/script>\n<!-- \/ Yoast SEO plugin. -->","yoast_head_json":{"title":"ARI International Customer Letter - ARI International","robots":{"index":"index","follow":"follow","max-snippet":"max-snippet:-1","max-image-preview":"max-image-preview:large","max-video-preview":"max-video-preview:-1"},"canonical":"https:\/\/arinet.nl\/fr\/ari-dealerspike\/","og_locale":"fr_FR","og_type":"article","og_title":"ARI International Customer Letter - ARI International","og_description":"\u00c0 nos pr\u00e9cieux clients, Nous sommes ravis de vous annoncer qu&#8217;ARI change son nom de marque pour Dealer Spike. Soyez assur\u00e9 que notre nom de marque est la seule chose qui change. Les m\u00eames personnes formidables continueront \u00e0 fournir le m\u00eame support, les services et la suite de produits de premier ordre que vous attendez, [&hellip;]","og_url":"https:\/\/arinet.nl\/fr\/ari-dealerspike\/","og_site_name":"ARI International","twitter_card":"summary_large_image","twitter_misc":{"Est. reading time":"1 minute"},"schema":{"@context":"https:\/\/schema.org","@graph":[{"@type":"WebPage","@id":"https:\/\/arinet.nl\/fr\/ari-dealerspike\/","url":"https:\/\/arinet.nl\/fr\/ari-dealerspike\/","name":"ARI International Customer Letter - ARI International","isPartOf":{"@id":"https:\/\/arinet.nl\/fr\/#website"},"datePublished":"2023-10-05T13:29:19+00:00","dateModified":"2023-10-05T13:29:19+00:00","breadcrumb":{"@id":"https:\/\/arinet.nl\/fr\/ari-dealerspike\/#breadcrumb"},"inLanguage":"fr-FR","potentialAction":[{"@type":"ReadAction","target":["https:\/\/arinet.nl\/fr\/ari-dealerspike\/"]}]},{"@type":"BreadcrumbList","@id":"https:\/\/arinet.nl\/fr\/ari-dealerspike\/#breadcrumb","itemListElement":[{"@type":"ListItem","position":1,"name":"Home","item":"https:\/\/arinet.nl\/fr\/"},{"@type":"ListItem","position":2,"name":"ARI International Customer Letter"}]},{"@type":"WebSite","@id":"https:\/\/arinet.nl\/fr\/#website","url":"https:\/\/arinet.nl\/fr\/","name":"LeadVenture","description":"","publisher":{"@id":"https:\/\/arinet.nl\/fr\/#organization"},"potentialAction":[{"@type":"SearchAction","target":{"@type":"EntryPoint","urlTemplate":"https:\/\/arinet.nl\/fr\/?s={search_term_string}"},"query-input":{"@type":"PropertyValueSpecification","valueRequired":true,"valueName":"search_term_string"}}],"inLanguage":"fr-FR"},{"@type":"Organization","@id":"https:\/\/arinet.nl\/fr\/#organization","name":"LeadVenture","url":"https:\/\/arinet.nl\/fr\/","logo":{"@type":"ImageObject","inLanguage":"fr-FR","@id":"https:\/\/arinet.nl\/fr\/#\/schema\/logo\/image\/","url":"https:\/\/arinet.nl\/wp-content\/uploads\/2026\/02\/lvlogo.png","contentUrl":"https:\/\/arinet.nl\/wp-content\/uploads\/2026\/02\/lvlogo.png","width":437,"height":160,"caption":"LeadVenture"},"image":{"@id":"https:\/\/arinet.nl\/fr\/#\/schema\/logo\/image\/"}}]}},"publishpress_future_workflow_manual_trigger":{"enabledWorkflows":[]},"_links":{"self":[{"href":"https:\/\/arinet.nl\/fr\/wp-json\/wp\/v2\/pages\/31111"}],"collection":[{"href":"https:\/\/arinet.nl\/fr\/wp-json\/wp\/v2\/pages"}],"about":[{"href":"https:\/\/arinet.nl\/fr\/wp-json\/wp\/v2\/types\/page"}],"author":[{"embeddable":true,"href":"https:\/\/arinet.nl\/fr\/wp-json\/wp\/v2\/users\/1"}],"replies":[{"embeddable":true,"href":"https:\/\/arinet.nl\/fr\/wp-json\/wp\/v2\/comments?post=31111"}],"version-history":[{"count":1,"href":"https:\/\/arinet.nl\/fr\/wp-json\/wp\/v2\/pages\/31111\/revisions"}],"predecessor-version":[{"id":31112,"href":"https:\/\/arinet.nl\/fr\/wp-json\/wp\/v2\/pages\/31111\/revisions\/31112"}],"wp:attachment":[{"href":"https:\/\/arinet.nl\/fr\/wp-json\/wp\/v2\/media?parent=31111"}],"curies":[{"name":"wp","href":"https:\/\/api.w.org\/{rel}","templated":true}]}}