{"id":16675,"date":"2017-12-20T21:15:33","date_gmt":"2017-12-20T21:15:33","guid":{"rendered":"http:\/\/arinet.nl\/nous-avons-recu-votre-formulaire\/"},"modified":"2018-04-24T14:30:16","modified_gmt":"2018-04-24T14:30:16","slug":"nous-avons-recu-votre-formulaire","status":"publish","type":"page","link":"https:\/\/arinet.nl\/fr\/nous-avons-recu-votre-formulaire\/","title":{"rendered":"Thanks. Merci. Vielen Dank. Gracias. Grazie."},"content":{"rendered":"<h1>Merci de nous avoir contact\u00e9s.<\/h1>\n<h5>Nous avons re\u00e7u vos informations et avons h\u00e2te de vous parler\u00a0! En attendant, pour toute autre demande, appelez-nous au +31 71 5248030.<\/h5>\n<p>D\u00e9couvrez l\u2019offre ARI en consultant nos <a href=\"http:\/\/arinet.nl\/ressources\/?lang=fr\">ressources<\/a> pour concessionnaires gratuites.<\/p>\n","protected":false},"excerpt":{"rendered":"Merci de nous avoir contact\u00e9s. Nous avons re\u00e7u vos informations et avons h\u00e2te de vous parler\u00a0! En attendant, pour toute autre demande, appelez-nous au +31 71 5248030. D\u00e9couvrez l\u2019offre ARI en consultant nos ressources pour concessionnaires gratuites.","protected":false},"author":12,"featured_media":0,"parent":0,"menu_order":0,"comment_status":"closed","ping_status":"closed","template":"simple-landing.php","meta":{"_acf_changed":false,"footnotes":""},"class_list":["post-16675","page","type-page","status-publish","hentry"],"acf":[],"yoast_head":"<!-- This site is optimized with the Yoast SEO plugin v24.2 - https:\/\/yoast.com\/wordpress\/plugins\/seo\/ -->\n<title>Thanks. Merci. Vielen Dank. Gracias. Grazie. - ARI International<\/title>\n<meta name=\"robots\" content=\"index, follow, max-snippet:-1, max-image-preview:large, max-video-preview:-1\" \/>\n<link rel=\"canonical\" href=\"https:\/\/arinet.nl\/fr\/nous-avons-recu-votre-formulaire\/\" \/>\n<meta property=\"og:locale\" content=\"fr_FR\" \/>\n<meta property=\"og:type\" content=\"article\" \/>\n<meta property=\"og:title\" content=\"Thanks. Merci. Vielen Dank. Gracias. Grazie. - ARI International\" \/>\n<meta property=\"og:description\" content=\"Merci de nous avoir contact\u00e9s. Nous avons re\u00e7u vos informations et avons h\u00e2te de vous parler\u00a0! En attendant, pour toute autre demande, appelez-nous au +31 71 5248030. D\u00e9couvrez l\u2019offre ARI en consultant nos ressources pour concessionnaires gratuites.\" \/>\n<meta property=\"og:url\" content=\"https:\/\/arinet.nl\/fr\/nous-avons-recu-votre-formulaire\/\" \/>\n<meta property=\"og:site_name\" content=\"ARI International\" \/>\n<meta property=\"article:modified_time\" content=\"2018-04-24T14:30:16+00:00\" \/>\n<meta name=\"twitter:card\" content=\"summary_large_image\" \/>\n<script type=\"application\/ld+json\" class=\"yoast-schema-graph\">{\"@context\":\"https:\/\/schema.org\",\"@graph\":[{\"@type\":\"WebPage\",\"@id\":\"https:\/\/arinet.nl\/fr\/nous-avons-recu-votre-formulaire\/\",\"url\":\"https:\/\/arinet.nl\/fr\/nous-avons-recu-votre-formulaire\/\",\"name\":\"Thanks. Merci. Vielen Dank. Gracias. Grazie. - ARI International\",\"isPartOf\":{\"@id\":\"https:\/\/arinet.nl\/fr\/#website\"},\"datePublished\":\"2017-12-20T21:15:33+00:00\",\"dateModified\":\"2018-04-24T14:30:16+00:00\",\"breadcrumb\":{\"@id\":\"https:\/\/arinet.nl\/fr\/nous-avons-recu-votre-formulaire\/#breadcrumb\"},\"inLanguage\":\"fr-FR\",\"potentialAction\":[{\"@type\":\"ReadAction\",\"target\":[\"https:\/\/arinet.nl\/fr\/nous-avons-recu-votre-formulaire\/\"]}]},{\"@type\":\"BreadcrumbList\",\"@id\":\"https:\/\/arinet.nl\/fr\/nous-avons-recu-votre-formulaire\/#breadcrumb\",\"itemListElement\":[{\"@type\":\"ListItem\",\"position\":1,\"name\":\"Home\",\"item\":\"https:\/\/arinet.nl\/fr\/\"},{\"@type\":\"ListItem\",\"position\":2,\"name\":\"Thanks. Merci. Vielen Dank. Gracias. Grazie.\"}]},{\"@type\":\"WebSite\",\"@id\":\"https:\/\/arinet.nl\/fr\/#website\",\"url\":\"https:\/\/arinet.nl\/fr\/\",\"name\":\"LeadVenture\",\"description\":\"\",\"publisher\":{\"@id\":\"https:\/\/arinet.nl\/fr\/#organization\"},\"potentialAction\":[{\"@type\":\"SearchAction\",\"target\":{\"@type\":\"EntryPoint\",\"urlTemplate\":\"https:\/\/arinet.nl\/fr\/?s={search_term_string}\"},\"query-input\":{\"@type\":\"PropertyValueSpecification\",\"valueRequired\":true,\"valueName\":\"search_term_string\"}}],\"inLanguage\":\"fr-FR\"},{\"@type\":\"Organization\",\"@id\":\"https:\/\/arinet.nl\/fr\/#organization\",\"name\":\"LeadVenture\",\"url\":\"https:\/\/arinet.nl\/fr\/\",\"logo\":{\"@type\":\"ImageObject\",\"inLanguage\":\"fr-FR\",\"@id\":\"https:\/\/arinet.nl\/fr\/#\/schema\/logo\/image\/\",\"url\":\"https:\/\/arinet.nl\/wp-content\/uploads\/2026\/02\/lvlogo.png\",\"contentUrl\":\"https:\/\/arinet.nl\/wp-content\/uploads\/2026\/02\/lvlogo.png\",\"width\":437,\"height\":160,\"caption\":\"LeadVenture\"},\"image\":{\"@id\":\"https:\/\/arinet.nl\/fr\/#\/schema\/logo\/image\/\"}}]}<\/script>\n<!-- \/ Yoast SEO plugin. -->","yoast_head_json":{"title":"Thanks. Merci. Vielen Dank. Gracias. Grazie. - ARI International","robots":{"index":"index","follow":"follow","max-snippet":"max-snippet:-1","max-image-preview":"max-image-preview:large","max-video-preview":"max-video-preview:-1"},"canonical":"https:\/\/arinet.nl\/fr\/nous-avons-recu-votre-formulaire\/","og_locale":"fr_FR","og_type":"article","og_title":"Thanks. Merci. Vielen Dank. Gracias. Grazie. - ARI International","og_description":"Merci de nous avoir contact\u00e9s. Nous avons re\u00e7u vos informations et avons h\u00e2te de vous parler\u00a0! En attendant, pour toute autre demande, appelez-nous au +31 71 5248030. D\u00e9couvrez l\u2019offre ARI en consultant nos ressources pour concessionnaires gratuites.","og_url":"https:\/\/arinet.nl\/fr\/nous-avons-recu-votre-formulaire\/","og_site_name":"ARI International","article_modified_time":"2018-04-24T14:30:16+00:00","twitter_card":"summary_large_image","schema":{"@context":"https:\/\/schema.org","@graph":[{"@type":"WebPage","@id":"https:\/\/arinet.nl\/fr\/nous-avons-recu-votre-formulaire\/","url":"https:\/\/arinet.nl\/fr\/nous-avons-recu-votre-formulaire\/","name":"Thanks. Merci. Vielen Dank. Gracias. Grazie. - ARI International","isPartOf":{"@id":"https:\/\/arinet.nl\/fr\/#website"},"datePublished":"2017-12-20T21:15:33+00:00","dateModified":"2018-04-24T14:30:16+00:00","breadcrumb":{"@id":"https:\/\/arinet.nl\/fr\/nous-avons-recu-votre-formulaire\/#breadcrumb"},"inLanguage":"fr-FR","potentialAction":[{"@type":"ReadAction","target":["https:\/\/arinet.nl\/fr\/nous-avons-recu-votre-formulaire\/"]}]},{"@type":"BreadcrumbList","@id":"https:\/\/arinet.nl\/fr\/nous-avons-recu-votre-formulaire\/#breadcrumb","itemListElement":[{"@type":"ListItem","position":1,"name":"Home","item":"https:\/\/arinet.nl\/fr\/"},{"@type":"ListItem","position":2,"name":"Thanks. Merci. Vielen Dank. Gracias. Grazie."}]},{"@type":"WebSite","@id":"https:\/\/arinet.nl\/fr\/#website","url":"https:\/\/arinet.nl\/fr\/","name":"LeadVenture","description":"","publisher":{"@id":"https:\/\/arinet.nl\/fr\/#organization"},"potentialAction":[{"@type":"SearchAction","target":{"@type":"EntryPoint","urlTemplate":"https:\/\/arinet.nl\/fr\/?s={search_term_string}"},"query-input":{"@type":"PropertyValueSpecification","valueRequired":true,"valueName":"search_term_string"}}],"inLanguage":"fr-FR"},{"@type":"Organization","@id":"https:\/\/arinet.nl\/fr\/#organization","name":"LeadVenture","url":"https:\/\/arinet.nl\/fr\/","logo":{"@type":"ImageObject","inLanguage":"fr-FR","@id":"https:\/\/arinet.nl\/fr\/#\/schema\/logo\/image\/","url":"https:\/\/arinet.nl\/wp-content\/uploads\/2026\/02\/lvlogo.png","contentUrl":"https:\/\/arinet.nl\/wp-content\/uploads\/2026\/02\/lvlogo.png","width":437,"height":160,"caption":"LeadVenture"},"image":{"@id":"https:\/\/arinet.nl\/fr\/#\/schema\/logo\/image\/"}}]}},"publishpress_future_workflow_manual_trigger":{"enabledWorkflows":[]},"_links":{"self":[{"href":"https:\/\/arinet.nl\/fr\/wp-json\/wp\/v2\/pages\/16675"}],"collection":[{"href":"https:\/\/arinet.nl\/fr\/wp-json\/wp\/v2\/pages"}],"about":[{"href":"https:\/\/arinet.nl\/fr\/wp-json\/wp\/v2\/types\/page"}],"author":[{"embeddable":true,"href":"https:\/\/arinet.nl\/fr\/wp-json\/wp\/v2\/users\/12"}],"replies":[{"embeddable":true,"href":"https:\/\/arinet.nl\/fr\/wp-json\/wp\/v2\/comments?post=16675"}],"version-history":[{"count":3,"href":"https:\/\/arinet.nl\/fr\/wp-json\/wp\/v2\/pages\/16675\/revisions"}],"predecessor-version":[{"id":21464,"href":"https:\/\/arinet.nl\/fr\/wp-json\/wp\/v2\/pages\/16675\/revisions\/21464"}],"wp:attachment":[{"href":"https:\/\/arinet.nl\/fr\/wp-json\/wp\/v2\/media?parent=16675"}],"curies":[{"name":"wp","href":"https:\/\/api.w.org\/{rel}","templated":true}]}}