{"id":15480,"date":"2017-12-15T20:49:11","date_gmt":"2017-12-15T20:49:11","guid":{"rendered":"http:\/\/arinet.nl\/partstream\/"},"modified":"2018-07-02T18:59:41","modified_gmt":"2018-07-02T18:59:41","slug":"partstream","status":"publish","type":"page","link":"https:\/\/arinet.nl\/fr\/partstream\/","title":{"rendered":"PartStream"},"content":{"rendered":"<p>Ajoutez une interface mobile conviviale, orient\u00e9e client, et comprenant des \u00e9l\u00e9ments illustr\u00e9s \u00e0 votre site Web personnalis\u00e9.<\/p>\n","protected":false},"excerpt":{"rendered":"Ajoutez une interface mobile conviviale, orient\u00e9e client, et comprenant des \u00e9l\u00e9ments illustr\u00e9s \u00e0 votre site Web personnalis\u00e9.","protected":false},"author":1,"featured_media":21279,"parent":0,"menu_order":0,"comment_status":"closed","ping_status":"closed","template":"solutions-wildcard.php","meta":{"_acf_changed":false,"footnotes":""},"class_list":["post-15480","page","type-page","status-publish","has-post-thumbnail","hentry"],"acf":[],"yoast_head":"<!-- This site is optimized with the Yoast SEO plugin v24.2 - https:\/\/yoast.com\/wordpress\/plugins\/seo\/ -->\n<title>Optimisez votre site web clients avec PartStream | ARI Network Services<\/title>\n<meta name=\"description\" content=\"PartStream est la solution parfaite pour les concessionnaires ultra-performants comme vous qui cherchent \u00e0 ajouter la recherche de pi\u00e8ces illustr\u00e9es pour l&#039;acheteur \u00e0 leur site web personnalis\u00e9 actuel. Apprenez-en plus ou appelez le +31 71 524-8030 d\u00e8s aujourd\u2019hui.\" \/>\n<meta name=\"robots\" content=\"index, follow, max-snippet:-1, max-image-preview:large, max-video-preview:-1\" \/>\n<link rel=\"canonical\" href=\"https:\/\/arinet.nl\/fr\/partstream\/\" \/>\n<meta property=\"og:locale\" content=\"fr_FR\" \/>\n<meta property=\"og:type\" content=\"article\" \/>\n<meta property=\"og:title\" content=\"Optimisez votre site web clients avec PartStream | ARI Network Services\" \/>\n<meta property=\"og:description\" content=\"PartStream est la solution parfaite pour les concessionnaires ultra-performants comme vous qui cherchent \u00e0 ajouter la recherche de pi\u00e8ces illustr\u00e9es pour l&#039;acheteur \u00e0 leur site web personnalis\u00e9 actuel. Apprenez-en plus ou appelez le +31 71 524-8030 d\u00e8s aujourd\u2019hui.\" \/>\n<meta property=\"og:url\" content=\"https:\/\/arinet.nl\/fr\/partstream\/\" \/>\n<meta property=\"og:site_name\" content=\"ARI International\" \/>\n<meta property=\"article:modified_time\" content=\"2018-07-02T18:59:41+00:00\" \/>\n<meta property=\"og:image\" content=\"https:\/\/arinet.nl\/wp-content\/uploads\/2018\/03\/partstream.png\" \/>\n\t<meta property=\"og:image:width\" content=\"46\" \/>\n\t<meta property=\"og:image:height\" content=\"42\" \/>\n\t<meta property=\"og:image:type\" content=\"image\/png\" \/>\n<meta name=\"twitter:card\" content=\"summary_large_image\" \/>\n<script type=\"application\/ld+json\" class=\"yoast-schema-graph\">{\"@context\":\"https:\/\/schema.org\",\"@graph\":[{\"@type\":\"WebPage\",\"@id\":\"https:\/\/arinet.nl\/fr\/partstream\/\",\"url\":\"https:\/\/arinet.nl\/fr\/partstream\/\",\"name\":\"Optimisez votre site web clients avec PartStream | ARI Network Services\",\"isPartOf\":{\"@id\":\"https:\/\/arinet.nl\/fr\/#website\"},\"primaryImageOfPage\":{\"@id\":\"https:\/\/arinet.nl\/fr\/partstream\/#primaryimage\"},\"image\":{\"@id\":\"https:\/\/arinet.nl\/fr\/partstream\/#primaryimage\"},\"thumbnailUrl\":\"https:\/\/arinet.nl\/wp-content\/uploads\/2018\/03\/partstream.png\",\"datePublished\":\"2017-12-15T20:49:11+00:00\",\"dateModified\":\"2018-07-02T18:59:41+00:00\",\"description\":\"PartStream est la solution parfaite pour les concessionnaires ultra-performants comme vous qui cherchent \u00e0 ajouter la recherche de pi\u00e8ces illustr\u00e9es pour l'acheteur \u00e0 leur site web personnalis\u00e9 actuel. Apprenez-en plus ou appelez le +31 71 524-8030 d\u00e8s aujourd\u2019hui.\",\"breadcrumb\":{\"@id\":\"https:\/\/arinet.nl\/fr\/partstream\/#breadcrumb\"},\"inLanguage\":\"fr-FR\",\"potentialAction\":[{\"@type\":\"ReadAction\",\"target\":[\"https:\/\/arinet.nl\/fr\/partstream\/\"]}]},{\"@type\":\"ImageObject\",\"inLanguage\":\"fr-FR\",\"@id\":\"https:\/\/arinet.nl\/fr\/partstream\/#primaryimage\",\"url\":\"https:\/\/arinet.nl\/wp-content\/uploads\/2018\/03\/partstream.png\",\"contentUrl\":\"https:\/\/arinet.nl\/wp-content\/uploads\/2018\/03\/partstream.png\",\"width\":46,\"height\":42},{\"@type\":\"BreadcrumbList\",\"@id\":\"https:\/\/arinet.nl\/fr\/partstream\/#breadcrumb\",\"itemListElement\":[{\"@type\":\"ListItem\",\"position\":1,\"name\":\"Home\",\"item\":\"https:\/\/arinet.nl\/fr\/\"},{\"@type\":\"ListItem\",\"position\":2,\"name\":\"PartStream\"}]},{\"@type\":\"WebSite\",\"@id\":\"https:\/\/arinet.nl\/fr\/#website\",\"url\":\"https:\/\/arinet.nl\/fr\/\",\"name\":\"LeadVenture\",\"description\":\"\",\"publisher\":{\"@id\":\"https:\/\/arinet.nl\/fr\/#organization\"},\"potentialAction\":[{\"@type\":\"SearchAction\",\"target\":{\"@type\":\"EntryPoint\",\"urlTemplate\":\"https:\/\/arinet.nl\/fr\/?s={search_term_string}\"},\"query-input\":{\"@type\":\"PropertyValueSpecification\",\"valueRequired\":true,\"valueName\":\"search_term_string\"}}],\"inLanguage\":\"fr-FR\"},{\"@type\":\"Organization\",\"@id\":\"https:\/\/arinet.nl\/fr\/#organization\",\"name\":\"LeadVenture\",\"url\":\"https:\/\/arinet.nl\/fr\/\",\"logo\":{\"@type\":\"ImageObject\",\"inLanguage\":\"fr-FR\",\"@id\":\"https:\/\/arinet.nl\/fr\/#\/schema\/logo\/image\/\",\"url\":\"https:\/\/arinet.nl\/wp-content\/uploads\/2026\/02\/lvlogo.png\",\"contentUrl\":\"https:\/\/arinet.nl\/wp-content\/uploads\/2026\/02\/lvlogo.png\",\"width\":437,\"height\":160,\"caption\":\"LeadVenture\"},\"image\":{\"@id\":\"https:\/\/arinet.nl\/fr\/#\/schema\/logo\/image\/\"}}]}<\/script>\n<!-- \/ Yoast SEO plugin. -->","yoast_head_json":{"title":"Optimisez votre site web clients avec PartStream | ARI Network Services","description":"PartStream est la solution parfaite pour les concessionnaires ultra-performants comme vous qui cherchent \u00e0 ajouter la recherche de pi\u00e8ces illustr\u00e9es pour l'acheteur \u00e0 leur site web personnalis\u00e9 actuel. Apprenez-en plus ou appelez le +31 71 524-8030 d\u00e8s aujourd\u2019hui.","robots":{"index":"index","follow":"follow","max-snippet":"max-snippet:-1","max-image-preview":"max-image-preview:large","max-video-preview":"max-video-preview:-1"},"canonical":"https:\/\/arinet.nl\/fr\/partstream\/","og_locale":"fr_FR","og_type":"article","og_title":"Optimisez votre site web clients avec PartStream | ARI Network Services","og_description":"PartStream est la solution parfaite pour les concessionnaires ultra-performants comme vous qui cherchent \u00e0 ajouter la recherche de pi\u00e8ces illustr\u00e9es pour l'acheteur \u00e0 leur site web personnalis\u00e9 actuel. Apprenez-en plus ou appelez le +31 71 524-8030 d\u00e8s aujourd\u2019hui.","og_url":"https:\/\/arinet.nl\/fr\/partstream\/","og_site_name":"ARI International","article_modified_time":"2018-07-02T18:59:41+00:00","og_image":[{"width":46,"height":42,"url":"https:\/\/arinet.nl\/wp-content\/uploads\/2018\/03\/partstream.png","type":"image\/png"}],"twitter_card":"summary_large_image","schema":{"@context":"https:\/\/schema.org","@graph":[{"@type":"WebPage","@id":"https:\/\/arinet.nl\/fr\/partstream\/","url":"https:\/\/arinet.nl\/fr\/partstream\/","name":"Optimisez votre site web clients avec PartStream | ARI Network Services","isPartOf":{"@id":"https:\/\/arinet.nl\/fr\/#website"},"primaryImageOfPage":{"@id":"https:\/\/arinet.nl\/fr\/partstream\/#primaryimage"},"image":{"@id":"https:\/\/arinet.nl\/fr\/partstream\/#primaryimage"},"thumbnailUrl":"https:\/\/arinet.nl\/wp-content\/uploads\/2018\/03\/partstream.png","datePublished":"2017-12-15T20:49:11+00:00","dateModified":"2018-07-02T18:59:41+00:00","description":"PartStream est la solution parfaite pour les concessionnaires ultra-performants comme vous qui cherchent \u00e0 ajouter la recherche de pi\u00e8ces illustr\u00e9es pour l'acheteur \u00e0 leur site web personnalis\u00e9 actuel. Apprenez-en plus ou appelez le +31 71 524-8030 d\u00e8s aujourd\u2019hui.","breadcrumb":{"@id":"https:\/\/arinet.nl\/fr\/partstream\/#breadcrumb"},"inLanguage":"fr-FR","potentialAction":[{"@type":"ReadAction","target":["https:\/\/arinet.nl\/fr\/partstream\/"]}]},{"@type":"ImageObject","inLanguage":"fr-FR","@id":"https:\/\/arinet.nl\/fr\/partstream\/#primaryimage","url":"https:\/\/arinet.nl\/wp-content\/uploads\/2018\/03\/partstream.png","contentUrl":"https:\/\/arinet.nl\/wp-content\/uploads\/2018\/03\/partstream.png","width":46,"height":42},{"@type":"BreadcrumbList","@id":"https:\/\/arinet.nl\/fr\/partstream\/#breadcrumb","itemListElement":[{"@type":"ListItem","position":1,"name":"Home","item":"https:\/\/arinet.nl\/fr\/"},{"@type":"ListItem","position":2,"name":"PartStream"}]},{"@type":"WebSite","@id":"https:\/\/arinet.nl\/fr\/#website","url":"https:\/\/arinet.nl\/fr\/","name":"LeadVenture","description":"","publisher":{"@id":"https:\/\/arinet.nl\/fr\/#organization"},"potentialAction":[{"@type":"SearchAction","target":{"@type":"EntryPoint","urlTemplate":"https:\/\/arinet.nl\/fr\/?s={search_term_string}"},"query-input":{"@type":"PropertyValueSpecification","valueRequired":true,"valueName":"search_term_string"}}],"inLanguage":"fr-FR"},{"@type":"Organization","@id":"https:\/\/arinet.nl\/fr\/#organization","name":"LeadVenture","url":"https:\/\/arinet.nl\/fr\/","logo":{"@type":"ImageObject","inLanguage":"fr-FR","@id":"https:\/\/arinet.nl\/fr\/#\/schema\/logo\/image\/","url":"https:\/\/arinet.nl\/wp-content\/uploads\/2026\/02\/lvlogo.png","contentUrl":"https:\/\/arinet.nl\/wp-content\/uploads\/2026\/02\/lvlogo.png","width":437,"height":160,"caption":"LeadVenture"},"image":{"@id":"https:\/\/arinet.nl\/fr\/#\/schema\/logo\/image\/"}}]}},"publishpress_future_workflow_manual_trigger":{"enabledWorkflows":[]},"_links":{"self":[{"href":"https:\/\/arinet.nl\/fr\/wp-json\/wp\/v2\/pages\/15480"}],"collection":[{"href":"https:\/\/arinet.nl\/fr\/wp-json\/wp\/v2\/pages"}],"about":[{"href":"https:\/\/arinet.nl\/fr\/wp-json\/wp\/v2\/types\/page"}],"author":[{"embeddable":true,"href":"https:\/\/arinet.nl\/fr\/wp-json\/wp\/v2\/users\/1"}],"replies":[{"embeddable":true,"href":"https:\/\/arinet.nl\/fr\/wp-json\/wp\/v2\/comments?post=15480"}],"version-history":[{"count":14,"href":"https:\/\/arinet.nl\/fr\/wp-json\/wp\/v2\/pages\/15480\/revisions"}],"predecessor-version":[{"id":22290,"href":"https:\/\/arinet.nl\/fr\/wp-json\/wp\/v2\/pages\/15480\/revisions\/22290"}],"wp:featuredmedia":[{"embeddable":true,"href":"https:\/\/arinet.nl\/fr\/wp-json\/wp\/v2\/media\/21279"}],"wp:attachment":[{"href":"https:\/\/arinet.nl\/fr\/wp-json\/wp\/v2\/media?parent=15480"}],"curies":[{"name":"wp","href":"https:\/\/api.w.org\/{rel}","templated":true}]}}