{"id":15426,"date":"2017-12-15T20:48:37","date_gmt":"2017-12-15T20:48:37","guid":{"rendered":"http:\/\/arinet.nl\/partsmart\/"},"modified":"2018-07-02T18:47:55","modified_gmt":"2018-07-02T18:47:55","slug":"partsmart","status":"publish","type":"page","link":"https:\/\/arinet.nl\/fr\/partsmart\/","title":{"rendered":"PartSmart"},"content":{"rendered":"<p>La r\u00e9f\u00e9rence de l&#8217;industrie pour la recherche de pi\u00e8ces de rechange de constructeurs par catalogue \u00e9lectronique.<\/p>\n","protected":false},"excerpt":{"rendered":"La r\u00e9f\u00e9rence de l&#8217;industrie pour la recherche de pi\u00e8ces de rechange de constructeurs par catalogue \u00e9lectronique.","protected":false},"author":1,"featured_media":21274,"parent":0,"menu_order":0,"comment_status":"closed","ping_status":"closed","template":"solutions-wildcard.php","meta":{"_acf_changed":false,"footnotes":""},"class_list":["post-15426","page","type-page","status-publish","has-post-thumbnail","hentry"],"acf":[],"yoast_head":"<!-- This site is optimized with the Yoast SEO plugin v24.2 - https:\/\/yoast.com\/wordpress\/plugins\/seo\/ -->\n<title>Testez l\u2019efficacit\u00e9 PartSmart | ARI Network Services<\/title>\n<meta name=\"description\" content=\"N\u2019encombrez pas votre comptoir de pi\u00e8ces avec des piles de catalogues imprim\u00e9s PartSmart\u00ae est la mani\u00e8re la plus rapide de trouver la bonne pi\u00e8ce du premier coup. Apprenez-en plus ou appelez le +31 71 524-8030.\" \/>\n<meta name=\"robots\" content=\"index, follow, max-snippet:-1, max-image-preview:large, max-video-preview:-1\" \/>\n<link rel=\"canonical\" href=\"https:\/\/arinet.nl\/fr\/partsmart\/\" \/>\n<meta property=\"og:locale\" content=\"fr_FR\" \/>\n<meta property=\"og:type\" content=\"article\" \/>\n<meta property=\"og:title\" content=\"Testez l\u2019efficacit\u00e9 PartSmart | ARI Network Services\" \/>\n<meta property=\"og:description\" content=\"N\u2019encombrez pas votre comptoir de pi\u00e8ces avec des piles de catalogues imprim\u00e9s PartSmart\u00ae est la mani\u00e8re la plus rapide de trouver la bonne pi\u00e8ce du premier coup. Apprenez-en plus ou appelez le +31 71 524-8030.\" \/>\n<meta property=\"og:url\" content=\"https:\/\/arinet.nl\/fr\/partsmart\/\" \/>\n<meta property=\"og:site_name\" content=\"ARI International\" \/>\n<meta property=\"article:modified_time\" content=\"2018-07-02T18:47:55+00:00\" \/>\n<meta property=\"og:image\" content=\"https:\/\/arinet.nl\/wp-content\/uploads\/2018\/03\/partsmart.png\" \/>\n\t<meta property=\"og:image:width\" content=\"46\" \/>\n\t<meta property=\"og:image:height\" content=\"42\" \/>\n\t<meta property=\"og:image:type\" content=\"image\/png\" \/>\n<meta name=\"twitter:card\" content=\"summary_large_image\" \/>\n<script type=\"application\/ld+json\" class=\"yoast-schema-graph\">{\"@context\":\"https:\/\/schema.org\",\"@graph\":[{\"@type\":\"WebPage\",\"@id\":\"https:\/\/arinet.nl\/fr\/partsmart\/\",\"url\":\"https:\/\/arinet.nl\/fr\/partsmart\/\",\"name\":\"Testez l\u2019efficacit\u00e9 PartSmart | ARI Network Services\",\"isPartOf\":{\"@id\":\"https:\/\/arinet.nl\/fr\/#website\"},\"primaryImageOfPage\":{\"@id\":\"https:\/\/arinet.nl\/fr\/partsmart\/#primaryimage\"},\"image\":{\"@id\":\"https:\/\/arinet.nl\/fr\/partsmart\/#primaryimage\"},\"thumbnailUrl\":\"https:\/\/arinet.nl\/wp-content\/uploads\/2018\/03\/partsmart.png\",\"datePublished\":\"2017-12-15T20:48:37+00:00\",\"dateModified\":\"2018-07-02T18:47:55+00:00\",\"description\":\"N\u2019encombrez pas votre comptoir de pi\u00e8ces avec des piles de catalogues imprim\u00e9s PartSmart\u00ae est la mani\u00e8re la plus rapide de trouver la bonne pi\u00e8ce du premier coup. Apprenez-en plus ou appelez le +31 71 524-8030.\",\"breadcrumb\":{\"@id\":\"https:\/\/arinet.nl\/fr\/partsmart\/#breadcrumb\"},\"inLanguage\":\"fr-FR\",\"potentialAction\":[{\"@type\":\"ReadAction\",\"target\":[\"https:\/\/arinet.nl\/fr\/partsmart\/\"]}]},{\"@type\":\"ImageObject\",\"inLanguage\":\"fr-FR\",\"@id\":\"https:\/\/arinet.nl\/fr\/partsmart\/#primaryimage\",\"url\":\"https:\/\/arinet.nl\/wp-content\/uploads\/2018\/03\/partsmart.png\",\"contentUrl\":\"https:\/\/arinet.nl\/wp-content\/uploads\/2018\/03\/partsmart.png\",\"width\":46,\"height\":42},{\"@type\":\"BreadcrumbList\",\"@id\":\"https:\/\/arinet.nl\/fr\/partsmart\/#breadcrumb\",\"itemListElement\":[{\"@type\":\"ListItem\",\"position\":1,\"name\":\"Home\",\"item\":\"https:\/\/arinet.nl\/fr\/\"},{\"@type\":\"ListItem\",\"position\":2,\"name\":\"PartSmart\"}]},{\"@type\":\"WebSite\",\"@id\":\"https:\/\/arinet.nl\/fr\/#website\",\"url\":\"https:\/\/arinet.nl\/fr\/\",\"name\":\"LeadVenture\",\"description\":\"\",\"publisher\":{\"@id\":\"https:\/\/arinet.nl\/fr\/#organization\"},\"potentialAction\":[{\"@type\":\"SearchAction\",\"target\":{\"@type\":\"EntryPoint\",\"urlTemplate\":\"https:\/\/arinet.nl\/fr\/?s={search_term_string}\"},\"query-input\":{\"@type\":\"PropertyValueSpecification\",\"valueRequired\":true,\"valueName\":\"search_term_string\"}}],\"inLanguage\":\"fr-FR\"},{\"@type\":\"Organization\",\"@id\":\"https:\/\/arinet.nl\/fr\/#organization\",\"name\":\"LeadVenture\",\"url\":\"https:\/\/arinet.nl\/fr\/\",\"logo\":{\"@type\":\"ImageObject\",\"inLanguage\":\"fr-FR\",\"@id\":\"https:\/\/arinet.nl\/fr\/#\/schema\/logo\/image\/\",\"url\":\"https:\/\/arinet.nl\/wp-content\/uploads\/2026\/02\/lvlogo.png\",\"contentUrl\":\"https:\/\/arinet.nl\/wp-content\/uploads\/2026\/02\/lvlogo.png\",\"width\":437,\"height\":160,\"caption\":\"LeadVenture\"},\"image\":{\"@id\":\"https:\/\/arinet.nl\/fr\/#\/schema\/logo\/image\/\"}}]}<\/script>\n<!-- \/ Yoast SEO plugin. -->","yoast_head_json":{"title":"Testez l\u2019efficacit\u00e9 PartSmart | ARI Network Services","description":"N\u2019encombrez pas votre comptoir de pi\u00e8ces avec des piles de catalogues imprim\u00e9s PartSmart\u00ae est la mani\u00e8re la plus rapide de trouver la bonne pi\u00e8ce du premier coup. Apprenez-en plus ou appelez le +31 71 524-8030.","robots":{"index":"index","follow":"follow","max-snippet":"max-snippet:-1","max-image-preview":"max-image-preview:large","max-video-preview":"max-video-preview:-1"},"canonical":"https:\/\/arinet.nl\/fr\/partsmart\/","og_locale":"fr_FR","og_type":"article","og_title":"Testez l\u2019efficacit\u00e9 PartSmart | ARI Network Services","og_description":"N\u2019encombrez pas votre comptoir de pi\u00e8ces avec des piles de catalogues imprim\u00e9s PartSmart\u00ae est la mani\u00e8re la plus rapide de trouver la bonne pi\u00e8ce du premier coup. Apprenez-en plus ou appelez le +31 71 524-8030.","og_url":"https:\/\/arinet.nl\/fr\/partsmart\/","og_site_name":"ARI International","article_modified_time":"2018-07-02T18:47:55+00:00","og_image":[{"width":46,"height":42,"url":"https:\/\/arinet.nl\/wp-content\/uploads\/2018\/03\/partsmart.png","type":"image\/png"}],"twitter_card":"summary_large_image","schema":{"@context":"https:\/\/schema.org","@graph":[{"@type":"WebPage","@id":"https:\/\/arinet.nl\/fr\/partsmart\/","url":"https:\/\/arinet.nl\/fr\/partsmart\/","name":"Testez l\u2019efficacit\u00e9 PartSmart | ARI Network Services","isPartOf":{"@id":"https:\/\/arinet.nl\/fr\/#website"},"primaryImageOfPage":{"@id":"https:\/\/arinet.nl\/fr\/partsmart\/#primaryimage"},"image":{"@id":"https:\/\/arinet.nl\/fr\/partsmart\/#primaryimage"},"thumbnailUrl":"https:\/\/arinet.nl\/wp-content\/uploads\/2018\/03\/partsmart.png","datePublished":"2017-12-15T20:48:37+00:00","dateModified":"2018-07-02T18:47:55+00:00","description":"N\u2019encombrez pas votre comptoir de pi\u00e8ces avec des piles de catalogues imprim\u00e9s PartSmart\u00ae est la mani\u00e8re la plus rapide de trouver la bonne pi\u00e8ce du premier coup. Apprenez-en plus ou appelez le +31 71 524-8030.","breadcrumb":{"@id":"https:\/\/arinet.nl\/fr\/partsmart\/#breadcrumb"},"inLanguage":"fr-FR","potentialAction":[{"@type":"ReadAction","target":["https:\/\/arinet.nl\/fr\/partsmart\/"]}]},{"@type":"ImageObject","inLanguage":"fr-FR","@id":"https:\/\/arinet.nl\/fr\/partsmart\/#primaryimage","url":"https:\/\/arinet.nl\/wp-content\/uploads\/2018\/03\/partsmart.png","contentUrl":"https:\/\/arinet.nl\/wp-content\/uploads\/2018\/03\/partsmart.png","width":46,"height":42},{"@type":"BreadcrumbList","@id":"https:\/\/arinet.nl\/fr\/partsmart\/#breadcrumb","itemListElement":[{"@type":"ListItem","position":1,"name":"Home","item":"https:\/\/arinet.nl\/fr\/"},{"@type":"ListItem","position":2,"name":"PartSmart"}]},{"@type":"WebSite","@id":"https:\/\/arinet.nl\/fr\/#website","url":"https:\/\/arinet.nl\/fr\/","name":"LeadVenture","description":"","publisher":{"@id":"https:\/\/arinet.nl\/fr\/#organization"},"potentialAction":[{"@type":"SearchAction","target":{"@type":"EntryPoint","urlTemplate":"https:\/\/arinet.nl\/fr\/?s={search_term_string}"},"query-input":{"@type":"PropertyValueSpecification","valueRequired":true,"valueName":"search_term_string"}}],"inLanguage":"fr-FR"},{"@type":"Organization","@id":"https:\/\/arinet.nl\/fr\/#organization","name":"LeadVenture","url":"https:\/\/arinet.nl\/fr\/","logo":{"@type":"ImageObject","inLanguage":"fr-FR","@id":"https:\/\/arinet.nl\/fr\/#\/schema\/logo\/image\/","url":"https:\/\/arinet.nl\/wp-content\/uploads\/2026\/02\/lvlogo.png","contentUrl":"https:\/\/arinet.nl\/wp-content\/uploads\/2026\/02\/lvlogo.png","width":437,"height":160,"caption":"LeadVenture"},"image":{"@id":"https:\/\/arinet.nl\/fr\/#\/schema\/logo\/image\/"}}]}},"publishpress_future_workflow_manual_trigger":{"enabledWorkflows":[]},"_links":{"self":[{"href":"https:\/\/arinet.nl\/fr\/wp-json\/wp\/v2\/pages\/15426"}],"collection":[{"href":"https:\/\/arinet.nl\/fr\/wp-json\/wp\/v2\/pages"}],"about":[{"href":"https:\/\/arinet.nl\/fr\/wp-json\/wp\/v2\/types\/page"}],"author":[{"embeddable":true,"href":"https:\/\/arinet.nl\/fr\/wp-json\/wp\/v2\/users\/1"}],"replies":[{"embeddable":true,"href":"https:\/\/arinet.nl\/fr\/wp-json\/wp\/v2\/comments?post=15426"}],"version-history":[{"count":9,"href":"https:\/\/arinet.nl\/fr\/wp-json\/wp\/v2\/pages\/15426\/revisions"}],"predecessor-version":[{"id":22289,"href":"https:\/\/arinet.nl\/fr\/wp-json\/wp\/v2\/pages\/15426\/revisions\/22289"}],"wp:featuredmedia":[{"embeddable":true,"href":"https:\/\/arinet.nl\/fr\/wp-json\/wp\/v2\/media\/21274"}],"wp:attachment":[{"href":"https:\/\/arinet.nl\/fr\/wp-json\/wp\/v2\/media?parent=15426"}],"curies":[{"name":"wp","href":"https:\/\/api.w.org\/{rel}","templated":true}]}}