{"id":31117,"date":"2023-10-05T15:35:11","date_gmt":"2023-10-05T13:35:11","guid":{"rendered":"https:\/\/arinet.nl\/?page_id=31117"},"modified":"2023-10-05T15:35:11","modified_gmt":"2023-10-05T13:35:11","slug":"ari-dealerspike","status":"publish","type":"page","link":"https:\/\/arinet.nl\/es\/ari-dealerspike\/","title":{"rendered":"ARI International Customer Letter"},"content":{"rendered":"<p><em>A nuestros valiosos clientes,<\/em><\/p>\n<p><em>Nos complace compartir que ARI est\u00e1 cambiando su marca a Dealer Spike. Tenga la seguridad de que nuestra marca es lo \u00fanico que cambia. Las mismas excelentes personas seguir\u00e1n brindando el mismo soporte, servicios y conjunto de productos de primer nivel que usted espera, incluidos sitios web, venta minorista digital, comercio electr\u00f3nico, marketing digital, herramientas de cat\u00e1logo en l\u00ednea y m\u00e1s.<\/em><\/p>\n<p><em>De hecho, ARI y Dealer Spike han compartido la misma empresa matriz, equipos y tecnolog\u00eda durante a\u00f1os. Al optimizar nuestras marcas y comunicaciones orientadas al mercado, podemos centrarnos a\u00fan m\u00e1s en nuestros clientes, mientras que las soluciones y los equipos en los que usted conf\u00eda continuar\u00e1n sin interrupci\u00f3n.<\/em><\/p>\n<p><em>Para garantizar una transici\u00f3n sin problemas, algunas instancias de la marca ARI realizar\u00e1n la transici\u00f3n durante un per\u00edodo de tiempo m\u00e1s largo, pero gran parte del cambio de marca se completar\u00e1 en las pr\u00f3ximas semanas.<\/em><\/p>\n<p><em>Si tiene alguna pregunta sobre este anuncio o desea analizar nuevas formas en que podemos ayudarlo a hacer crecer su negocio, comun\u00edquese con su representante de \u00c9xito del Cliente.<\/em><\/p>\n<p><em>Gracias por su negocio, y su confianza. Esperamos poder satisfacer las necesidades de su negocio durante muchos a\u00f1os.<\/em><\/p>\n<p>&nbsp;<\/p>\n<p><em>Su equipo de Dealer Spike<\/em><\/p>\n","protected":false},"excerpt":{"rendered":"A nuestros valiosos clientes, Nos complace compartir que ARI est\u00e1 cambiando su marca a Dealer Spike. Tenga la seguridad de que nuestra marca es lo \u00fanico que cambia. Las mismas excelentes personas seguir\u00e1n brindando el mismo soporte, servicios y conjunto de productos de primer nivel que usted espera, incluidos sitios web, venta minorista digital, comercio [&hellip;]","protected":false},"author":1,"featured_media":0,"parent":0,"menu_order":0,"comment_status":"closed","ping_status":"closed","template":"page-ari-dealerspike.php","meta":{"_acf_changed":false,"footnotes":""},"class_list":["post-31117","page","type-page","status-publish","hentry"],"acf":[],"yoast_head":"<!-- This site is optimized with the Yoast SEO plugin v24.2 - https:\/\/yoast.com\/wordpress\/plugins\/seo\/ -->\n<title>ARI International Customer Letter - ARI International<\/title>\n<meta name=\"robots\" content=\"index, follow, max-snippet:-1, max-image-preview:large, max-video-preview:-1\" \/>\n<link rel=\"canonical\" href=\"https:\/\/arinet.nl\/es\/ari-dealerspike\/\" \/>\n<meta property=\"og:locale\" content=\"es_ES\" \/>\n<meta property=\"og:type\" content=\"article\" \/>\n<meta property=\"og:title\" content=\"ARI International Customer Letter - ARI International\" \/>\n<meta property=\"og:description\" content=\"A nuestros valiosos clientes, Nos complace compartir que ARI est\u00e1 cambiando su marca a Dealer Spike. Tenga la seguridad de que nuestra marca es lo \u00fanico que cambia. Las mismas excelentes personas seguir\u00e1n brindando el mismo soporte, servicios y conjunto de productos de primer nivel que usted espera, incluidos sitios web, venta minorista digital, comercio [&hellip;]\" \/>\n<meta property=\"og:url\" content=\"https:\/\/arinet.nl\/es\/ari-dealerspike\/\" \/>\n<meta property=\"og:site_name\" content=\"ARI International\" \/>\n<meta name=\"twitter:card\" content=\"summary_large_image\" \/>\n<meta name=\"twitter:label1\" content=\"Est. reading time\" \/>\n\t<meta name=\"twitter:data1\" content=\"1 minute\" \/>\n<script type=\"application\/ld+json\" class=\"yoast-schema-graph\">{\"@context\":\"https:\/\/schema.org\",\"@graph\":[{\"@type\":\"WebPage\",\"@id\":\"https:\/\/arinet.nl\/es\/ari-dealerspike\/\",\"url\":\"https:\/\/arinet.nl\/es\/ari-dealerspike\/\",\"name\":\"ARI International Customer Letter - ARI International\",\"isPartOf\":{\"@id\":\"https:\/\/arinet.nl\/es\/#website\"},\"datePublished\":\"2023-10-05T13:35:11+00:00\",\"dateModified\":\"2023-10-05T13:35:11+00:00\",\"breadcrumb\":{\"@id\":\"https:\/\/arinet.nl\/es\/ari-dealerspike\/#breadcrumb\"},\"inLanguage\":\"es-ES\",\"potentialAction\":[{\"@type\":\"ReadAction\",\"target\":[\"https:\/\/arinet.nl\/es\/ari-dealerspike\/\"]}]},{\"@type\":\"BreadcrumbList\",\"@id\":\"https:\/\/arinet.nl\/es\/ari-dealerspike\/#breadcrumb\",\"itemListElement\":[{\"@type\":\"ListItem\",\"position\":1,\"name\":\"Home\",\"item\":\"https:\/\/arinet.nl\/es\/\"},{\"@type\":\"ListItem\",\"position\":2,\"name\":\"ARI International Customer Letter\"}]},{\"@type\":\"WebSite\",\"@id\":\"https:\/\/arinet.nl\/es\/#website\",\"url\":\"https:\/\/arinet.nl\/es\/\",\"name\":\"LeadVenture\",\"description\":\"\",\"publisher\":{\"@id\":\"https:\/\/arinet.nl\/es\/#organization\"},\"potentialAction\":[{\"@type\":\"SearchAction\",\"target\":{\"@type\":\"EntryPoint\",\"urlTemplate\":\"https:\/\/arinet.nl\/es\/?s={search_term_string}\"},\"query-input\":{\"@type\":\"PropertyValueSpecification\",\"valueRequired\":true,\"valueName\":\"search_term_string\"}}],\"inLanguage\":\"es-ES\"},{\"@type\":\"Organization\",\"@id\":\"https:\/\/arinet.nl\/es\/#organization\",\"name\":\"LeadVenture\",\"url\":\"https:\/\/arinet.nl\/es\/\",\"logo\":{\"@type\":\"ImageObject\",\"inLanguage\":\"es-ES\",\"@id\":\"https:\/\/arinet.nl\/es\/#\/schema\/logo\/image\/\",\"url\":\"https:\/\/arinet.nl\/wp-content\/uploads\/2026\/02\/lvlogo.png\",\"contentUrl\":\"https:\/\/arinet.nl\/wp-content\/uploads\/2026\/02\/lvlogo.png\",\"width\":437,\"height\":160,\"caption\":\"LeadVenture\"},\"image\":{\"@id\":\"https:\/\/arinet.nl\/es\/#\/schema\/logo\/image\/\"}}]}<\/script>\n<!-- \/ Yoast SEO plugin. -->","yoast_head_json":{"title":"ARI International Customer Letter - ARI International","robots":{"index":"index","follow":"follow","max-snippet":"max-snippet:-1","max-image-preview":"max-image-preview:large","max-video-preview":"max-video-preview:-1"},"canonical":"https:\/\/arinet.nl\/es\/ari-dealerspike\/","og_locale":"es_ES","og_type":"article","og_title":"ARI International Customer Letter - ARI International","og_description":"A nuestros valiosos clientes, Nos complace compartir que ARI est\u00e1 cambiando su marca a Dealer Spike. Tenga la seguridad de que nuestra marca es lo \u00fanico que cambia. Las mismas excelentes personas seguir\u00e1n brindando el mismo soporte, servicios y conjunto de productos de primer nivel que usted espera, incluidos sitios web, venta minorista digital, comercio [&hellip;]","og_url":"https:\/\/arinet.nl\/es\/ari-dealerspike\/","og_site_name":"ARI International","twitter_card":"summary_large_image","twitter_misc":{"Est. reading time":"1 minute"},"schema":{"@context":"https:\/\/schema.org","@graph":[{"@type":"WebPage","@id":"https:\/\/arinet.nl\/es\/ari-dealerspike\/","url":"https:\/\/arinet.nl\/es\/ari-dealerspike\/","name":"ARI International Customer Letter - ARI International","isPartOf":{"@id":"https:\/\/arinet.nl\/es\/#website"},"datePublished":"2023-10-05T13:35:11+00:00","dateModified":"2023-10-05T13:35:11+00:00","breadcrumb":{"@id":"https:\/\/arinet.nl\/es\/ari-dealerspike\/#breadcrumb"},"inLanguage":"es-ES","potentialAction":[{"@type":"ReadAction","target":["https:\/\/arinet.nl\/es\/ari-dealerspike\/"]}]},{"@type":"BreadcrumbList","@id":"https:\/\/arinet.nl\/es\/ari-dealerspike\/#breadcrumb","itemListElement":[{"@type":"ListItem","position":1,"name":"Home","item":"https:\/\/arinet.nl\/es\/"},{"@type":"ListItem","position":2,"name":"ARI International Customer Letter"}]},{"@type":"WebSite","@id":"https:\/\/arinet.nl\/es\/#website","url":"https:\/\/arinet.nl\/es\/","name":"LeadVenture","description":"","publisher":{"@id":"https:\/\/arinet.nl\/es\/#organization"},"potentialAction":[{"@type":"SearchAction","target":{"@type":"EntryPoint","urlTemplate":"https:\/\/arinet.nl\/es\/?s={search_term_string}"},"query-input":{"@type":"PropertyValueSpecification","valueRequired":true,"valueName":"search_term_string"}}],"inLanguage":"es-ES"},{"@type":"Organization","@id":"https:\/\/arinet.nl\/es\/#organization","name":"LeadVenture","url":"https:\/\/arinet.nl\/es\/","logo":{"@type":"ImageObject","inLanguage":"es-ES","@id":"https:\/\/arinet.nl\/es\/#\/schema\/logo\/image\/","url":"https:\/\/arinet.nl\/wp-content\/uploads\/2026\/02\/lvlogo.png","contentUrl":"https:\/\/arinet.nl\/wp-content\/uploads\/2026\/02\/lvlogo.png","width":437,"height":160,"caption":"LeadVenture"},"image":{"@id":"https:\/\/arinet.nl\/es\/#\/schema\/logo\/image\/"}}]}},"publishpress_future_workflow_manual_trigger":{"enabledWorkflows":[]},"_links":{"self":[{"href":"https:\/\/arinet.nl\/es\/wp-json\/wp\/v2\/pages\/31117"}],"collection":[{"href":"https:\/\/arinet.nl\/es\/wp-json\/wp\/v2\/pages"}],"about":[{"href":"https:\/\/arinet.nl\/es\/wp-json\/wp\/v2\/types\/page"}],"author":[{"embeddable":true,"href":"https:\/\/arinet.nl\/es\/wp-json\/wp\/v2\/users\/1"}],"replies":[{"embeddable":true,"href":"https:\/\/arinet.nl\/es\/wp-json\/wp\/v2\/comments?post=31117"}],"version-history":[{"count":1,"href":"https:\/\/arinet.nl\/es\/wp-json\/wp\/v2\/pages\/31117\/revisions"}],"predecessor-version":[{"id":31118,"href":"https:\/\/arinet.nl\/es\/wp-json\/wp\/v2\/pages\/31117\/revisions\/31118"}],"wp:attachment":[{"href":"https:\/\/arinet.nl\/es\/wp-json\/wp\/v2\/media?parent=31117"}],"curies":[{"name":"wp","href":"https:\/\/api.w.org\/{rel}","templated":true}]}}