{"id":21227,"date":"2018-03-12T16:43:04","date_gmt":"2018-03-12T16:43:04","guid":{"rendered":"http:\/\/arinet.nl\/oem\/partsmart-web\/"},"modified":"2018-05-16T19:29:47","modified_gmt":"2018-05-16T19:29:47","slug":"partsmart-web","status":"publish","type":"page","link":"https:\/\/arinet.nl\/es\/oem\/partsmart-web\/","title":{"rendered":"PartSmart Web"},"content":{"rendered":"<p>Su portal web de cat\u00e1logo electr\u00f3nico garantiza que sus concesionarios podr\u00e1n encontrar la pieza correcta de forma r\u00e1pida y precisa desde el primer momento.<\/p>\n","protected":false},"excerpt":{"rendered":"Su portal web de cat\u00e1logo electr\u00f3nico garantiza que sus concesionarios podr\u00e1n encontrar la pieza correcta de forma r\u00e1pida y precisa desde el primer momento.","protected":false},"author":1,"featured_media":21267,"parent":21219,"menu_order":0,"comment_status":"closed","ping_status":"closed","template":"solutions-wildcard.php","meta":{"_acf_changed":false,"footnotes":""},"class_list":["post-21227","page","type-page","status-publish","has-post-thumbnail","hentry"],"acf":[],"yoast_head":"<!-- This site is optimized with the Yoast SEO plugin v24.2 - https:\/\/yoast.com\/wordpress\/plugins\/seo\/ -->\n<title>PartSmart Web - ARI International<\/title>\n<meta name=\"description\" content=\"Nuestro r\u00e1pido y confiable portal de cat\u00e1logo electr\u00f3nico web asegura que sus vendedores puedan encontrar las partes correctas la primera vez de forma r\u00e1pida y precisa.\" \/>\n<meta name=\"robots\" content=\"index, follow, max-snippet:-1, max-image-preview:large, max-video-preview:-1\" \/>\n<link rel=\"canonical\" href=\"https:\/\/arinet.nl\/es\/oem\/partsmart-web\/\" \/>\n<meta property=\"og:locale\" content=\"es_ES\" \/>\n<meta property=\"og:type\" content=\"article\" \/>\n<meta property=\"og:title\" content=\"PartSmart Web - ARI International\" \/>\n<meta property=\"og:description\" content=\"Nuestro r\u00e1pido y confiable portal de cat\u00e1logo electr\u00f3nico web asegura que sus vendedores puedan encontrar las partes correctas la primera vez de forma r\u00e1pida y precisa.\" \/>\n<meta property=\"og:url\" content=\"https:\/\/arinet.nl\/es\/oem\/partsmart-web\/\" \/>\n<meta property=\"og:site_name\" content=\"ARI International\" \/>\n<meta property=\"article:modified_time\" content=\"2018-05-16T19:29:47+00:00\" \/>\n<meta property=\"og:image\" content=\"https:\/\/arinet.nl\/wp-content\/uploads\/2018\/03\/oem-partsmart-web-1.png\" \/>\n\t<meta property=\"og:image:width\" content=\"46\" \/>\n\t<meta property=\"og:image:height\" content=\"42\" \/>\n\t<meta property=\"og:image:type\" content=\"image\/png\" \/>\n<meta name=\"twitter:card\" content=\"summary_large_image\" \/>\n<script type=\"application\/ld+json\" class=\"yoast-schema-graph\">{\"@context\":\"https:\/\/schema.org\",\"@graph\":[{\"@type\":\"WebPage\",\"@id\":\"https:\/\/arinet.nl\/es\/oem\/partsmart-web\/\",\"url\":\"https:\/\/arinet.nl\/es\/oem\/partsmart-web\/\",\"name\":\"PartSmart Web - ARI International\",\"isPartOf\":{\"@id\":\"https:\/\/arinet.nl\/es\/#website\"},\"primaryImageOfPage\":{\"@id\":\"https:\/\/arinet.nl\/es\/oem\/partsmart-web\/#primaryimage\"},\"image\":{\"@id\":\"https:\/\/arinet.nl\/es\/oem\/partsmart-web\/#primaryimage\"},\"thumbnailUrl\":\"https:\/\/arinet.nl\/wp-content\/uploads\/2018\/03\/oem-partsmart-web-1.png\",\"datePublished\":\"2018-03-12T16:43:04+00:00\",\"dateModified\":\"2018-05-16T19:29:47+00:00\",\"description\":\"Nuestro r\u00e1pido y confiable portal de cat\u00e1logo electr\u00f3nico web asegura que sus vendedores puedan encontrar las partes correctas la primera vez de forma r\u00e1pida y precisa.\",\"breadcrumb\":{\"@id\":\"https:\/\/arinet.nl\/es\/oem\/partsmart-web\/#breadcrumb\"},\"inLanguage\":\"es-ES\",\"potentialAction\":[{\"@type\":\"ReadAction\",\"target\":[\"https:\/\/arinet.nl\/es\/oem\/partsmart-web\/\"]}]},{\"@type\":\"ImageObject\",\"inLanguage\":\"es-ES\",\"@id\":\"https:\/\/arinet.nl\/es\/oem\/partsmart-web\/#primaryimage\",\"url\":\"https:\/\/arinet.nl\/wp-content\/uploads\/2018\/03\/oem-partsmart-web-1.png\",\"contentUrl\":\"https:\/\/arinet.nl\/wp-content\/uploads\/2018\/03\/oem-partsmart-web-1.png\",\"width\":46,\"height\":42},{\"@type\":\"BreadcrumbList\",\"@id\":\"https:\/\/arinet.nl\/es\/oem\/partsmart-web\/#breadcrumb\",\"itemListElement\":[{\"@type\":\"ListItem\",\"position\":1,\"name\":\"Home\",\"item\":\"https:\/\/arinet.nl\/es\/\"},{\"@type\":\"ListItem\",\"position\":2,\"name\":\"Soluciones para fabricantes originales\",\"item\":\"https:\/\/arinet.nl\/es\/oem\/\"},{\"@type\":\"ListItem\",\"position\":3,\"name\":\"PartSmart Web\"}]},{\"@type\":\"WebSite\",\"@id\":\"https:\/\/arinet.nl\/es\/#website\",\"url\":\"https:\/\/arinet.nl\/es\/\",\"name\":\"LeadVenture\",\"description\":\"\",\"publisher\":{\"@id\":\"https:\/\/arinet.nl\/es\/#organization\"},\"potentialAction\":[{\"@type\":\"SearchAction\",\"target\":{\"@type\":\"EntryPoint\",\"urlTemplate\":\"https:\/\/arinet.nl\/es\/?s={search_term_string}\"},\"query-input\":{\"@type\":\"PropertyValueSpecification\",\"valueRequired\":true,\"valueName\":\"search_term_string\"}}],\"inLanguage\":\"es-ES\"},{\"@type\":\"Organization\",\"@id\":\"https:\/\/arinet.nl\/es\/#organization\",\"name\":\"LeadVenture\",\"url\":\"https:\/\/arinet.nl\/es\/\",\"logo\":{\"@type\":\"ImageObject\",\"inLanguage\":\"es-ES\",\"@id\":\"https:\/\/arinet.nl\/es\/#\/schema\/logo\/image\/\",\"url\":\"https:\/\/arinet.nl\/wp-content\/uploads\/2026\/02\/lvlogo.png\",\"contentUrl\":\"https:\/\/arinet.nl\/wp-content\/uploads\/2026\/02\/lvlogo.png\",\"width\":437,\"height\":160,\"caption\":\"LeadVenture\"},\"image\":{\"@id\":\"https:\/\/arinet.nl\/es\/#\/schema\/logo\/image\/\"}}]}<\/script>\n<!-- \/ Yoast SEO plugin. -->","yoast_head_json":{"title":"PartSmart Web - ARI International","description":"Nuestro r\u00e1pido y confiable portal de cat\u00e1logo electr\u00f3nico web asegura que sus vendedores puedan encontrar las partes correctas la primera vez de forma r\u00e1pida y precisa.","robots":{"index":"index","follow":"follow","max-snippet":"max-snippet:-1","max-image-preview":"max-image-preview:large","max-video-preview":"max-video-preview:-1"},"canonical":"https:\/\/arinet.nl\/es\/oem\/partsmart-web\/","og_locale":"es_ES","og_type":"article","og_title":"PartSmart Web - ARI International","og_description":"Nuestro r\u00e1pido y confiable portal de cat\u00e1logo electr\u00f3nico web asegura que sus vendedores puedan encontrar las partes correctas la primera vez de forma r\u00e1pida y precisa.","og_url":"https:\/\/arinet.nl\/es\/oem\/partsmart-web\/","og_site_name":"ARI International","article_modified_time":"2018-05-16T19:29:47+00:00","og_image":[{"width":46,"height":42,"url":"https:\/\/arinet.nl\/wp-content\/uploads\/2018\/03\/oem-partsmart-web-1.png","type":"image\/png"}],"twitter_card":"summary_large_image","schema":{"@context":"https:\/\/schema.org","@graph":[{"@type":"WebPage","@id":"https:\/\/arinet.nl\/es\/oem\/partsmart-web\/","url":"https:\/\/arinet.nl\/es\/oem\/partsmart-web\/","name":"PartSmart Web - ARI International","isPartOf":{"@id":"https:\/\/arinet.nl\/es\/#website"},"primaryImageOfPage":{"@id":"https:\/\/arinet.nl\/es\/oem\/partsmart-web\/#primaryimage"},"image":{"@id":"https:\/\/arinet.nl\/es\/oem\/partsmart-web\/#primaryimage"},"thumbnailUrl":"https:\/\/arinet.nl\/wp-content\/uploads\/2018\/03\/oem-partsmart-web-1.png","datePublished":"2018-03-12T16:43:04+00:00","dateModified":"2018-05-16T19:29:47+00:00","description":"Nuestro r\u00e1pido y confiable portal de cat\u00e1logo electr\u00f3nico web asegura que sus vendedores puedan encontrar las partes correctas la primera vez de forma r\u00e1pida y precisa.","breadcrumb":{"@id":"https:\/\/arinet.nl\/es\/oem\/partsmart-web\/#breadcrumb"},"inLanguage":"es-ES","potentialAction":[{"@type":"ReadAction","target":["https:\/\/arinet.nl\/es\/oem\/partsmart-web\/"]}]},{"@type":"ImageObject","inLanguage":"es-ES","@id":"https:\/\/arinet.nl\/es\/oem\/partsmart-web\/#primaryimage","url":"https:\/\/arinet.nl\/wp-content\/uploads\/2018\/03\/oem-partsmart-web-1.png","contentUrl":"https:\/\/arinet.nl\/wp-content\/uploads\/2018\/03\/oem-partsmart-web-1.png","width":46,"height":42},{"@type":"BreadcrumbList","@id":"https:\/\/arinet.nl\/es\/oem\/partsmart-web\/#breadcrumb","itemListElement":[{"@type":"ListItem","position":1,"name":"Home","item":"https:\/\/arinet.nl\/es\/"},{"@type":"ListItem","position":2,"name":"Soluciones para fabricantes originales","item":"https:\/\/arinet.nl\/es\/oem\/"},{"@type":"ListItem","position":3,"name":"PartSmart Web"}]},{"@type":"WebSite","@id":"https:\/\/arinet.nl\/es\/#website","url":"https:\/\/arinet.nl\/es\/","name":"LeadVenture","description":"","publisher":{"@id":"https:\/\/arinet.nl\/es\/#organization"},"potentialAction":[{"@type":"SearchAction","target":{"@type":"EntryPoint","urlTemplate":"https:\/\/arinet.nl\/es\/?s={search_term_string}"},"query-input":{"@type":"PropertyValueSpecification","valueRequired":true,"valueName":"search_term_string"}}],"inLanguage":"es-ES"},{"@type":"Organization","@id":"https:\/\/arinet.nl\/es\/#organization","name":"LeadVenture","url":"https:\/\/arinet.nl\/es\/","logo":{"@type":"ImageObject","inLanguage":"es-ES","@id":"https:\/\/arinet.nl\/es\/#\/schema\/logo\/image\/","url":"https:\/\/arinet.nl\/wp-content\/uploads\/2026\/02\/lvlogo.png","contentUrl":"https:\/\/arinet.nl\/wp-content\/uploads\/2026\/02\/lvlogo.png","width":437,"height":160,"caption":"LeadVenture"},"image":{"@id":"https:\/\/arinet.nl\/es\/#\/schema\/logo\/image\/"}}]}},"publishpress_future_workflow_manual_trigger":{"enabledWorkflows":[]},"_links":{"self":[{"href":"https:\/\/arinet.nl\/es\/wp-json\/wp\/v2\/pages\/21227"}],"collection":[{"href":"https:\/\/arinet.nl\/es\/wp-json\/wp\/v2\/pages"}],"about":[{"href":"https:\/\/arinet.nl\/es\/wp-json\/wp\/v2\/types\/page"}],"author":[{"embeddable":true,"href":"https:\/\/arinet.nl\/es\/wp-json\/wp\/v2\/users\/1"}],"replies":[{"embeddable":true,"href":"https:\/\/arinet.nl\/es\/wp-json\/wp\/v2\/comments?post=21227"}],"version-history":[{"count":5,"href":"https:\/\/arinet.nl\/es\/wp-json\/wp\/v2\/pages\/21227\/revisions"}],"predecessor-version":[{"id":22273,"href":"https:\/\/arinet.nl\/es\/wp-json\/wp\/v2\/pages\/21227\/revisions\/22273"}],"up":[{"embeddable":true,"href":"https:\/\/arinet.nl\/es\/wp-json\/wp\/v2\/pages\/21219"}],"wp:featuredmedia":[{"embeddable":true,"href":"https:\/\/arinet.nl\/es\/wp-json\/wp\/v2\/media\/21267"}],"wp:attachment":[{"href":"https:\/\/arinet.nl\/es\/wp-json\/wp\/v2\/media?parent=21227"}],"curies":[{"name":"wp","href":"https:\/\/api.w.org\/{rel}","templated":true}]}}