{"id":15459,"date":"2017-12-15T20:48:53","date_gmt":"2017-12-15T20:48:53","guid":{"rendered":"http:\/\/arinet.nl\/datasmart\/"},"modified":"2018-05-08T17:02:21","modified_gmt":"2018-05-08T17:02:21","slug":"datasmart","status":"publish","type":"page","link":"https:\/\/arinet.nl\/es\/datasmart\/","title":{"rendered":"DataSmart"},"content":{"rendered":"<p>Elimine el obst\u00e1culo de tener que administrar informaci\u00f3n de producto accediendo a la biblioteca de cat\u00e1logos electr\u00f3nicos de OEM y de repuestos l\u00edder en la industria.<\/p>\n","protected":false},"excerpt":{"rendered":"Elimine el obst\u00e1culo de tener que administrar informaci\u00f3n de producto accediendo a la biblioteca de cat\u00e1logos electr\u00f3nicos de OEM y de repuestos l\u00edder en la industria.","protected":false},"author":1,"featured_media":21287,"parent":0,"menu_order":0,"comment_status":"closed","ping_status":"closed","template":"solutions-wildcard.php","meta":{"_acf_changed":false,"footnotes":""},"class_list":["post-15459","page","type-page","status-publish","has-post-thumbnail","hentry"],"acf":[],"yoast_head":"<!-- This site is optimized with the Yoast SEO plugin v24.2 - https:\/\/yoast.com\/wordpress\/plugins\/seo\/ -->\n<title>Acceda a contenido de fabricantes originales con DataSmart | ARI Network Services<\/title>\n<meta name=\"description\" content=\"Acceda a la biblioteca de cat\u00e1logos electr\u00f3nicos posventa y de los fabricantes originales l\u00edderes, incluidos Tucker Rocky, Parts Unlimited, Western Power Sports, Arctic Cat, Kawasaki, Polaris y muchos m\u00e1s. Obtenga m\u00e1s informaci\u00f3n o llame al +31\u00a071\u00a0524-8030\" \/>\n<meta name=\"robots\" content=\"index, follow, max-snippet:-1, max-image-preview:large, max-video-preview:-1\" \/>\n<link rel=\"canonical\" href=\"https:\/\/arinet.nl\/es\/datasmart\/\" \/>\n<meta property=\"og:locale\" content=\"es_ES\" \/>\n<meta property=\"og:type\" content=\"article\" \/>\n<meta property=\"og:title\" content=\"Acceda a contenido de fabricantes originales con DataSmart | ARI Network Services\" \/>\n<meta property=\"og:description\" content=\"Acceda a la biblioteca de cat\u00e1logos electr\u00f3nicos posventa y de los fabricantes originales l\u00edderes, incluidos Tucker Rocky, Parts Unlimited, Western Power Sports, Arctic Cat, Kawasaki, Polaris y muchos m\u00e1s. Obtenga m\u00e1s informaci\u00f3n o llame al +31\u00a071\u00a0524-8030\" \/>\n<meta property=\"og:url\" content=\"https:\/\/arinet.nl\/es\/datasmart\/\" \/>\n<meta property=\"og:site_name\" content=\"ARI International\" \/>\n<meta property=\"article:modified_time\" content=\"2018-05-08T17:02:21+00:00\" \/>\n<meta property=\"og:image\" content=\"https:\/\/arinet.nl\/wp-content\/uploads\/2018\/03\/datasmart.png\" \/>\n\t<meta property=\"og:image:width\" content=\"46\" \/>\n\t<meta property=\"og:image:height\" content=\"42\" \/>\n\t<meta property=\"og:image:type\" content=\"image\/png\" \/>\n<meta name=\"twitter:card\" content=\"summary_large_image\" \/>\n<script type=\"application\/ld+json\" class=\"yoast-schema-graph\">{\"@context\":\"https:\/\/schema.org\",\"@graph\":[{\"@type\":\"WebPage\",\"@id\":\"https:\/\/arinet.nl\/es\/datasmart\/\",\"url\":\"https:\/\/arinet.nl\/es\/datasmart\/\",\"name\":\"Acceda a contenido de fabricantes originales con DataSmart | ARI Network Services\",\"isPartOf\":{\"@id\":\"https:\/\/arinet.nl\/es\/#website\"},\"primaryImageOfPage\":{\"@id\":\"https:\/\/arinet.nl\/es\/datasmart\/#primaryimage\"},\"image\":{\"@id\":\"https:\/\/arinet.nl\/es\/datasmart\/#primaryimage\"},\"thumbnailUrl\":\"https:\/\/arinet.nl\/wp-content\/uploads\/2018\/03\/datasmart.png\",\"datePublished\":\"2017-12-15T20:48:53+00:00\",\"dateModified\":\"2018-05-08T17:02:21+00:00\",\"description\":\"Acceda a la biblioteca de cat\u00e1logos electr\u00f3nicos posventa y de los fabricantes originales l\u00edderes, incluidos Tucker Rocky, Parts Unlimited, Western Power Sports, Arctic Cat, Kawasaki, Polaris y muchos m\u00e1s. Obtenga m\u00e1s informaci\u00f3n o llame al +31\u00a071\u00a0524-8030\",\"breadcrumb\":{\"@id\":\"https:\/\/arinet.nl\/es\/datasmart\/#breadcrumb\"},\"inLanguage\":\"es-ES\",\"potentialAction\":[{\"@type\":\"ReadAction\",\"target\":[\"https:\/\/arinet.nl\/es\/datasmart\/\"]}]},{\"@type\":\"ImageObject\",\"inLanguage\":\"es-ES\",\"@id\":\"https:\/\/arinet.nl\/es\/datasmart\/#primaryimage\",\"url\":\"https:\/\/arinet.nl\/wp-content\/uploads\/2018\/03\/datasmart.png\",\"contentUrl\":\"https:\/\/arinet.nl\/wp-content\/uploads\/2018\/03\/datasmart.png\",\"width\":46,\"height\":42},{\"@type\":\"BreadcrumbList\",\"@id\":\"https:\/\/arinet.nl\/es\/datasmart\/#breadcrumb\",\"itemListElement\":[{\"@type\":\"ListItem\",\"position\":1,\"name\":\"Home\",\"item\":\"https:\/\/arinet.nl\/es\/\"},{\"@type\":\"ListItem\",\"position\":2,\"name\":\"DataSmart\"}]},{\"@type\":\"WebSite\",\"@id\":\"https:\/\/arinet.nl\/es\/#website\",\"url\":\"https:\/\/arinet.nl\/es\/\",\"name\":\"LeadVenture\",\"description\":\"\",\"publisher\":{\"@id\":\"https:\/\/arinet.nl\/es\/#organization\"},\"potentialAction\":[{\"@type\":\"SearchAction\",\"target\":{\"@type\":\"EntryPoint\",\"urlTemplate\":\"https:\/\/arinet.nl\/es\/?s={search_term_string}\"},\"query-input\":{\"@type\":\"PropertyValueSpecification\",\"valueRequired\":true,\"valueName\":\"search_term_string\"}}],\"inLanguage\":\"es-ES\"},{\"@type\":\"Organization\",\"@id\":\"https:\/\/arinet.nl\/es\/#organization\",\"name\":\"LeadVenture\",\"url\":\"https:\/\/arinet.nl\/es\/\",\"logo\":{\"@type\":\"ImageObject\",\"inLanguage\":\"es-ES\",\"@id\":\"https:\/\/arinet.nl\/es\/#\/schema\/logo\/image\/\",\"url\":\"https:\/\/arinet.nl\/wp-content\/uploads\/2026\/02\/lvlogo.png\",\"contentUrl\":\"https:\/\/arinet.nl\/wp-content\/uploads\/2026\/02\/lvlogo.png\",\"width\":437,\"height\":160,\"caption\":\"LeadVenture\"},\"image\":{\"@id\":\"https:\/\/arinet.nl\/es\/#\/schema\/logo\/image\/\"}}]}<\/script>\n<!-- \/ Yoast SEO plugin. -->","yoast_head_json":{"title":"Acceda a contenido de fabricantes originales con DataSmart | ARI Network Services","description":"Acceda a la biblioteca de cat\u00e1logos electr\u00f3nicos posventa y de los fabricantes originales l\u00edderes, incluidos Tucker Rocky, Parts Unlimited, Western Power Sports, Arctic Cat, Kawasaki, Polaris y muchos m\u00e1s. Obtenga m\u00e1s informaci\u00f3n o llame al +31\u00a071\u00a0524-8030","robots":{"index":"index","follow":"follow","max-snippet":"max-snippet:-1","max-image-preview":"max-image-preview:large","max-video-preview":"max-video-preview:-1"},"canonical":"https:\/\/arinet.nl\/es\/datasmart\/","og_locale":"es_ES","og_type":"article","og_title":"Acceda a contenido de fabricantes originales con DataSmart | ARI Network Services","og_description":"Acceda a la biblioteca de cat\u00e1logos electr\u00f3nicos posventa y de los fabricantes originales l\u00edderes, incluidos Tucker Rocky, Parts Unlimited, Western Power Sports, Arctic Cat, Kawasaki, Polaris y muchos m\u00e1s. Obtenga m\u00e1s informaci\u00f3n o llame al +31\u00a071\u00a0524-8030","og_url":"https:\/\/arinet.nl\/es\/datasmart\/","og_site_name":"ARI International","article_modified_time":"2018-05-08T17:02:21+00:00","og_image":[{"width":46,"height":42,"url":"https:\/\/arinet.nl\/wp-content\/uploads\/2018\/03\/datasmart.png","type":"image\/png"}],"twitter_card":"summary_large_image","schema":{"@context":"https:\/\/schema.org","@graph":[{"@type":"WebPage","@id":"https:\/\/arinet.nl\/es\/datasmart\/","url":"https:\/\/arinet.nl\/es\/datasmart\/","name":"Acceda a contenido de fabricantes originales con DataSmart | ARI Network Services","isPartOf":{"@id":"https:\/\/arinet.nl\/es\/#website"},"primaryImageOfPage":{"@id":"https:\/\/arinet.nl\/es\/datasmart\/#primaryimage"},"image":{"@id":"https:\/\/arinet.nl\/es\/datasmart\/#primaryimage"},"thumbnailUrl":"https:\/\/arinet.nl\/wp-content\/uploads\/2018\/03\/datasmart.png","datePublished":"2017-12-15T20:48:53+00:00","dateModified":"2018-05-08T17:02:21+00:00","description":"Acceda a la biblioteca de cat\u00e1logos electr\u00f3nicos posventa y de los fabricantes originales l\u00edderes, incluidos Tucker Rocky, Parts Unlimited, Western Power Sports, Arctic Cat, Kawasaki, Polaris y muchos m\u00e1s. Obtenga m\u00e1s informaci\u00f3n o llame al +31\u00a071\u00a0524-8030","breadcrumb":{"@id":"https:\/\/arinet.nl\/es\/datasmart\/#breadcrumb"},"inLanguage":"es-ES","potentialAction":[{"@type":"ReadAction","target":["https:\/\/arinet.nl\/es\/datasmart\/"]}]},{"@type":"ImageObject","inLanguage":"es-ES","@id":"https:\/\/arinet.nl\/es\/datasmart\/#primaryimage","url":"https:\/\/arinet.nl\/wp-content\/uploads\/2018\/03\/datasmart.png","contentUrl":"https:\/\/arinet.nl\/wp-content\/uploads\/2018\/03\/datasmart.png","width":46,"height":42},{"@type":"BreadcrumbList","@id":"https:\/\/arinet.nl\/es\/datasmart\/#breadcrumb","itemListElement":[{"@type":"ListItem","position":1,"name":"Home","item":"https:\/\/arinet.nl\/es\/"},{"@type":"ListItem","position":2,"name":"DataSmart"}]},{"@type":"WebSite","@id":"https:\/\/arinet.nl\/es\/#website","url":"https:\/\/arinet.nl\/es\/","name":"LeadVenture","description":"","publisher":{"@id":"https:\/\/arinet.nl\/es\/#organization"},"potentialAction":[{"@type":"SearchAction","target":{"@type":"EntryPoint","urlTemplate":"https:\/\/arinet.nl\/es\/?s={search_term_string}"},"query-input":{"@type":"PropertyValueSpecification","valueRequired":true,"valueName":"search_term_string"}}],"inLanguage":"es-ES"},{"@type":"Organization","@id":"https:\/\/arinet.nl\/es\/#organization","name":"LeadVenture","url":"https:\/\/arinet.nl\/es\/","logo":{"@type":"ImageObject","inLanguage":"es-ES","@id":"https:\/\/arinet.nl\/es\/#\/schema\/logo\/image\/","url":"https:\/\/arinet.nl\/wp-content\/uploads\/2026\/02\/lvlogo.png","contentUrl":"https:\/\/arinet.nl\/wp-content\/uploads\/2026\/02\/lvlogo.png","width":437,"height":160,"caption":"LeadVenture"},"image":{"@id":"https:\/\/arinet.nl\/es\/#\/schema\/logo\/image\/"}}]}},"publishpress_future_workflow_manual_trigger":{"enabledWorkflows":[]},"_links":{"self":[{"href":"https:\/\/arinet.nl\/es\/wp-json\/wp\/v2\/pages\/15459"}],"collection":[{"href":"https:\/\/arinet.nl\/es\/wp-json\/wp\/v2\/pages"}],"about":[{"href":"https:\/\/arinet.nl\/es\/wp-json\/wp\/v2\/types\/page"}],"author":[{"embeddable":true,"href":"https:\/\/arinet.nl\/es\/wp-json\/wp\/v2\/users\/1"}],"replies":[{"embeddable":true,"href":"https:\/\/arinet.nl\/es\/wp-json\/wp\/v2\/comments?post=15459"}],"version-history":[{"count":8,"href":"https:\/\/arinet.nl\/es\/wp-json\/wp\/v2\/pages\/15459\/revisions"}],"predecessor-version":[{"id":22180,"href":"https:\/\/arinet.nl\/es\/wp-json\/wp\/v2\/pages\/15459\/revisions\/22180"}],"wp:featuredmedia":[{"embeddable":true,"href":"https:\/\/arinet.nl\/es\/wp-json\/wp\/v2\/media\/21287"}],"wp:attachment":[{"href":"https:\/\/arinet.nl\/es\/wp-json\/wp\/v2\/media?parent=15459"}],"curies":[{"name":"wp","href":"https:\/\/api.w.org\/{rel}","templated":true}]}}