{"id":15440,"date":"2017-12-15T20:48:44","date_gmt":"2017-12-15T20:48:44","guid":{"rendered":"http:\/\/arinet.nl\/atencion-al-cliente\/"},"modified":"2018-05-16T19:57:17","modified_gmt":"2018-05-16T19:57:17","slug":"atencion-al-cliente","status":"publish","type":"page","link":"https:\/\/arinet.nl\/es\/atencion-al-cliente\/","title":{"rendered":"Atenci\u00f3n al cliente"},"content":{"rendered":"<h3>Hablar con el equipo de soporte<\/h3>\n<p>Si tiene alg\u00fan problema, ya sea de facturaci\u00f3n, t\u00e9cnico o de ventas, con uno de sus productos, ll\u00e1menos o rellene el formulario que aparece a continuaci\u00f3n y le ayudaremos.<\/p>\n","protected":false},"excerpt":{"rendered":"Hablar con el equipo de soporte Si tiene alg\u00fan problema, ya sea de facturaci\u00f3n, t\u00e9cnico o de ventas, con uno de sus productos, ll\u00e1menos o rellene el formulario que aparece a continuaci\u00f3n y le ayudaremos.","protected":false},"author":1,"featured_media":0,"parent":0,"menu_order":0,"comment_status":"closed","ping_status":"closed","template":"customer-support.php","meta":{"_acf_changed":false,"footnotes":""},"class_list":["post-15440","page","type-page","status-publish","hentry"],"acf":[],"yoast_head":"<!-- This site is optimized with the Yoast SEO plugin v24.2 - https:\/\/yoast.com\/wordpress\/plugins\/seo\/ -->\n<title>Atenci\u00f3n al cliente para problemas de facturaci\u00f3n, t\u00e9cnicos o de ventas | ARI Network Services<\/title>\n<meta name=\"description\" content=\"\u00bfTiene alguna pregunta? Nos ocuparemos en seguida de sus problema de facturaci\u00f3n, t\u00e9cnicos o de ventas. Para ponerse en contacto con nosotros, rellene nuestro formulario en l\u00ednea o llame al +31 71 524-8030.\" \/>\n<meta name=\"robots\" content=\"index, follow, max-snippet:-1, max-image-preview:large, max-video-preview:-1\" \/>\n<link rel=\"canonical\" href=\"https:\/\/arinet.nl\/es\/atencion-al-cliente\/\" \/>\n<meta property=\"og:locale\" content=\"es_ES\" \/>\n<meta property=\"og:type\" content=\"article\" \/>\n<meta property=\"og:title\" content=\"Atenci\u00f3n al cliente para problemas de facturaci\u00f3n, t\u00e9cnicos o de ventas | ARI Network Services\" \/>\n<meta property=\"og:description\" content=\"\u00bfTiene alguna pregunta? Nos ocuparemos en seguida de sus problema de facturaci\u00f3n, t\u00e9cnicos o de ventas. Para ponerse en contacto con nosotros, rellene nuestro formulario en l\u00ednea o llame al +31 71 524-8030.\" \/>\n<meta property=\"og:url\" content=\"https:\/\/arinet.nl\/es\/atencion-al-cliente\/\" \/>\n<meta property=\"og:site_name\" content=\"ARI International\" \/>\n<meta property=\"article:modified_time\" content=\"2018-05-16T19:57:17+00:00\" \/>\n<meta name=\"twitter:card\" content=\"summary_large_image\" \/>\n<script type=\"application\/ld+json\" class=\"yoast-schema-graph\">{\"@context\":\"https:\/\/schema.org\",\"@graph\":[{\"@type\":\"WebPage\",\"@id\":\"https:\/\/arinet.nl\/es\/atencion-al-cliente\/\",\"url\":\"https:\/\/arinet.nl\/es\/atencion-al-cliente\/\",\"name\":\"Atenci\u00f3n al cliente para problemas de facturaci\u00f3n, t\u00e9cnicos o de ventas | ARI Network Services\",\"isPartOf\":{\"@id\":\"https:\/\/arinet.nl\/es\/#website\"},\"datePublished\":\"2017-12-15T20:48:44+00:00\",\"dateModified\":\"2018-05-16T19:57:17+00:00\",\"description\":\"\u00bfTiene alguna pregunta? Nos ocuparemos en seguida de sus problema de facturaci\u00f3n, t\u00e9cnicos o de ventas. Para ponerse en contacto con nosotros, rellene nuestro formulario en l\u00ednea o llame al +31 71 524-8030.\",\"breadcrumb\":{\"@id\":\"https:\/\/arinet.nl\/es\/atencion-al-cliente\/#breadcrumb\"},\"inLanguage\":\"es-ES\",\"potentialAction\":[{\"@type\":\"ReadAction\",\"target\":[\"https:\/\/arinet.nl\/es\/atencion-al-cliente\/\"]}]},{\"@type\":\"BreadcrumbList\",\"@id\":\"https:\/\/arinet.nl\/es\/atencion-al-cliente\/#breadcrumb\",\"itemListElement\":[{\"@type\":\"ListItem\",\"position\":1,\"name\":\"Home\",\"item\":\"https:\/\/arinet.nl\/es\/\"},{\"@type\":\"ListItem\",\"position\":2,\"name\":\"Atenci\u00f3n al cliente\"}]},{\"@type\":\"WebSite\",\"@id\":\"https:\/\/arinet.nl\/es\/#website\",\"url\":\"https:\/\/arinet.nl\/es\/\",\"name\":\"LeadVenture\",\"description\":\"\",\"publisher\":{\"@id\":\"https:\/\/arinet.nl\/es\/#organization\"},\"potentialAction\":[{\"@type\":\"SearchAction\",\"target\":{\"@type\":\"EntryPoint\",\"urlTemplate\":\"https:\/\/arinet.nl\/es\/?s={search_term_string}\"},\"query-input\":{\"@type\":\"PropertyValueSpecification\",\"valueRequired\":true,\"valueName\":\"search_term_string\"}}],\"inLanguage\":\"es-ES\"},{\"@type\":\"Organization\",\"@id\":\"https:\/\/arinet.nl\/es\/#organization\",\"name\":\"LeadVenture\",\"url\":\"https:\/\/arinet.nl\/es\/\",\"logo\":{\"@type\":\"ImageObject\",\"inLanguage\":\"es-ES\",\"@id\":\"https:\/\/arinet.nl\/es\/#\/schema\/logo\/image\/\",\"url\":\"https:\/\/arinet.nl\/wp-content\/uploads\/2026\/02\/lvlogo.png\",\"contentUrl\":\"https:\/\/arinet.nl\/wp-content\/uploads\/2026\/02\/lvlogo.png\",\"width\":437,\"height\":160,\"caption\":\"LeadVenture\"},\"image\":{\"@id\":\"https:\/\/arinet.nl\/es\/#\/schema\/logo\/image\/\"}}]}<\/script>\n<!-- \/ Yoast SEO plugin. -->","yoast_head_json":{"title":"Atenci\u00f3n al cliente para problemas de facturaci\u00f3n, t\u00e9cnicos o de ventas | ARI Network Services","description":"\u00bfTiene alguna pregunta? Nos ocuparemos en seguida de sus problema de facturaci\u00f3n, t\u00e9cnicos o de ventas. Para ponerse en contacto con nosotros, rellene nuestro formulario en l\u00ednea o llame al +31 71 524-8030.","robots":{"index":"index","follow":"follow","max-snippet":"max-snippet:-1","max-image-preview":"max-image-preview:large","max-video-preview":"max-video-preview:-1"},"canonical":"https:\/\/arinet.nl\/es\/atencion-al-cliente\/","og_locale":"es_ES","og_type":"article","og_title":"Atenci\u00f3n al cliente para problemas de facturaci\u00f3n, t\u00e9cnicos o de ventas | ARI Network Services","og_description":"\u00bfTiene alguna pregunta? Nos ocuparemos en seguida de sus problema de facturaci\u00f3n, t\u00e9cnicos o de ventas. Para ponerse en contacto con nosotros, rellene nuestro formulario en l\u00ednea o llame al +31 71 524-8030.","og_url":"https:\/\/arinet.nl\/es\/atencion-al-cliente\/","og_site_name":"ARI International","article_modified_time":"2018-05-16T19:57:17+00:00","twitter_card":"summary_large_image","schema":{"@context":"https:\/\/schema.org","@graph":[{"@type":"WebPage","@id":"https:\/\/arinet.nl\/es\/atencion-al-cliente\/","url":"https:\/\/arinet.nl\/es\/atencion-al-cliente\/","name":"Atenci\u00f3n al cliente para problemas de facturaci\u00f3n, t\u00e9cnicos o de ventas | ARI Network Services","isPartOf":{"@id":"https:\/\/arinet.nl\/es\/#website"},"datePublished":"2017-12-15T20:48:44+00:00","dateModified":"2018-05-16T19:57:17+00:00","description":"\u00bfTiene alguna pregunta? Nos ocuparemos en seguida de sus problema de facturaci\u00f3n, t\u00e9cnicos o de ventas. Para ponerse en contacto con nosotros, rellene nuestro formulario en l\u00ednea o llame al +31 71 524-8030.","breadcrumb":{"@id":"https:\/\/arinet.nl\/es\/atencion-al-cliente\/#breadcrumb"},"inLanguage":"es-ES","potentialAction":[{"@type":"ReadAction","target":["https:\/\/arinet.nl\/es\/atencion-al-cliente\/"]}]},{"@type":"BreadcrumbList","@id":"https:\/\/arinet.nl\/es\/atencion-al-cliente\/#breadcrumb","itemListElement":[{"@type":"ListItem","position":1,"name":"Home","item":"https:\/\/arinet.nl\/es\/"},{"@type":"ListItem","position":2,"name":"Atenci\u00f3n al cliente"}]},{"@type":"WebSite","@id":"https:\/\/arinet.nl\/es\/#website","url":"https:\/\/arinet.nl\/es\/","name":"LeadVenture","description":"","publisher":{"@id":"https:\/\/arinet.nl\/es\/#organization"},"potentialAction":[{"@type":"SearchAction","target":{"@type":"EntryPoint","urlTemplate":"https:\/\/arinet.nl\/es\/?s={search_term_string}"},"query-input":{"@type":"PropertyValueSpecification","valueRequired":true,"valueName":"search_term_string"}}],"inLanguage":"es-ES"},{"@type":"Organization","@id":"https:\/\/arinet.nl\/es\/#organization","name":"LeadVenture","url":"https:\/\/arinet.nl\/es\/","logo":{"@type":"ImageObject","inLanguage":"es-ES","@id":"https:\/\/arinet.nl\/es\/#\/schema\/logo\/image\/","url":"https:\/\/arinet.nl\/wp-content\/uploads\/2026\/02\/lvlogo.png","contentUrl":"https:\/\/arinet.nl\/wp-content\/uploads\/2026\/02\/lvlogo.png","width":437,"height":160,"caption":"LeadVenture"},"image":{"@id":"https:\/\/arinet.nl\/es\/#\/schema\/logo\/image\/"}}]}},"publishpress_future_workflow_manual_trigger":{"enabledWorkflows":[]},"_links":{"self":[{"href":"https:\/\/arinet.nl\/es\/wp-json\/wp\/v2\/pages\/15440"}],"collection":[{"href":"https:\/\/arinet.nl\/es\/wp-json\/wp\/v2\/pages"}],"about":[{"href":"https:\/\/arinet.nl\/es\/wp-json\/wp\/v2\/types\/page"}],"author":[{"embeddable":true,"href":"https:\/\/arinet.nl\/es\/wp-json\/wp\/v2\/users\/1"}],"replies":[{"embeddable":true,"href":"https:\/\/arinet.nl\/es\/wp-json\/wp\/v2\/comments?post=15440"}],"version-history":[{"count":4,"href":"https:\/\/arinet.nl\/es\/wp-json\/wp\/v2\/pages\/15440\/revisions"}],"predecessor-version":[{"id":22274,"href":"https:\/\/arinet.nl\/es\/wp-json\/wp\/v2\/pages\/15440\/revisions\/22274"}],"wp:attachment":[{"href":"https:\/\/arinet.nl\/es\/wp-json\/wp\/v2\/media?parent=15440"}],"curies":[{"name":"wp","href":"https:\/\/api.w.org\/{rel}","templated":true}]}}