{"id":31113,"date":"2023-10-05T15:30:54","date_gmt":"2023-10-05T13:30:54","guid":{"rendered":"https:\/\/arinet.nl\/?page_id=31113"},"modified":"2023-10-05T15:30:54","modified_gmt":"2023-10-05T13:30:54","slug":"ari-dealerspike","status":"publish","type":"page","link":"https:\/\/arinet.nl\/de\/ari-dealerspike\/","title":{"rendered":"ARI International Customer Letter"},"content":{"rendered":"<p><em>An unsere gesch\u00e4tzten Kunden,<\/em><\/p>\n<p><em>Wir freuen uns, Ihnen mitteilen zu k\u00f6nnen, dass ARI seinen Markennamen in Dealer Spike \u00e4ndert. Seien Sie versichert, dass sich nur unser Markenname \u00e4ndert. Dieselben gro\u00dfartigen Mitarbeiter werden Ihnen weiterhin den gleichen erstklassigen Support, die gleichen Dienstleistungen und die gleiche Produktpalette bieten, die Sie von uns erwarten, einschlie\u00dflich Websites, digitaler Einzelhandel, E-Commerce, digitales Marketing, Online-Katalog-Tools und mehr.<\/em><\/p>\n<p><em>Tats\u00e4chlich haben ARI und Dealer Spike seit Jahren dieselbe Muttergesellschaft, dieselben Teams und dieselbe Technologie. Durch die Straffung unserer marktorientierten Marken und Kommunikation k\u00f6nnen wir uns noch st\u00e4rker auf unsere Kunden konzentrieren, w\u00e4hrend die L\u00f6sungen und Teams, denen Sie vertrauen, ohne Unterbrechung weitergef\u00fchrt werden.<\/em><\/p>\n<p><em>Um einen reibungslosen \u00dcbergang zu gew\u00e4hrleisten, wird sich der \u00dcbergang einiger Instanzen des Markennamens ARI \u00fcber einen l\u00e4ngeren Zeitraum erstrecken, ein Gro\u00dfteil der Umbenennung wird jedoch in den n\u00e4chsten Wochen abgeschlossen sein.<\/em><\/p>\n<p><em>Wenn Sie Fragen zu dieser Ank\u00fcndigung haben oder neue M\u00f6glichkeiten besprechen m\u00f6chten, wie wir zum Wachstum Ihres Unternehmens beitragen k\u00f6nnen, wenden Sie sich bitte an Ihren Customer Success-Vertreter.<\/em><\/p>\n<p><em>Vielen Dank f\u00fcr Ihr Gesch\u00e4ft und Ihr Vertrauen. Wir freuen uns darauf, die Anforderungen Ihres Unternehmens noch viele Jahre lang zu erf\u00fcllen.<\/em><\/p>\n<p>&nbsp;<\/p>\n<p><em>Ihr H\u00e4ndler-Spike-Team<\/em><\/p>\n","protected":false},"excerpt":{"rendered":"An unsere gesch\u00e4tzten Kunden, Wir freuen uns, Ihnen mitteilen zu k\u00f6nnen, dass ARI seinen Markennamen in Dealer Spike \u00e4ndert. Seien Sie versichert, dass sich nur unser Markenname \u00e4ndert. Dieselben gro\u00dfartigen Mitarbeiter werden Ihnen weiterhin den gleichen erstklassigen Support, die gleichen Dienstleistungen und die gleiche Produktpalette bieten, die Sie von uns erwarten, einschlie\u00dflich Websites, digitaler Einzelhandel, [&hellip;]","protected":false},"author":1,"featured_media":0,"parent":0,"menu_order":0,"comment_status":"closed","ping_status":"closed","template":"page-ari-dealerspike.php","meta":{"_acf_changed":false,"footnotes":""},"class_list":["post-31113","page","type-page","status-publish","hentry"],"acf":[],"yoast_head":"<!-- This site is optimized with the Yoast SEO plugin v24.2 - https:\/\/yoast.com\/wordpress\/plugins\/seo\/ -->\n<title>ARI International Customer Letter - ARI International<\/title>\n<meta name=\"robots\" content=\"index, follow, max-snippet:-1, max-image-preview:large, max-video-preview:-1\" \/>\n<link rel=\"canonical\" href=\"https:\/\/arinet.nl\/de\/ari-dealerspike\/\" \/>\n<meta property=\"og:locale\" content=\"de_DE\" \/>\n<meta property=\"og:type\" content=\"article\" \/>\n<meta property=\"og:title\" content=\"ARI International Customer Letter - ARI International\" \/>\n<meta property=\"og:description\" content=\"An unsere gesch\u00e4tzten Kunden, Wir freuen uns, Ihnen mitteilen zu k\u00f6nnen, dass ARI seinen Markennamen in Dealer Spike \u00e4ndert. Seien Sie versichert, dass sich nur unser Markenname \u00e4ndert. Dieselben gro\u00dfartigen Mitarbeiter werden Ihnen weiterhin den gleichen erstklassigen Support, die gleichen Dienstleistungen und die gleiche Produktpalette bieten, die Sie von uns erwarten, einschlie\u00dflich Websites, digitaler Einzelhandel, [&hellip;]\" \/>\n<meta property=\"og:url\" content=\"https:\/\/arinet.nl\/de\/ari-dealerspike\/\" \/>\n<meta property=\"og:site_name\" content=\"ARI International\" \/>\n<meta name=\"twitter:card\" content=\"summary_large_image\" \/>\n<meta name=\"twitter:label1\" content=\"Est. reading time\" \/>\n\t<meta name=\"twitter:data1\" content=\"1 minute\" \/>\n<script type=\"application\/ld+json\" class=\"yoast-schema-graph\">{\"@context\":\"https:\/\/schema.org\",\"@graph\":[{\"@type\":\"WebPage\",\"@id\":\"https:\/\/arinet.nl\/de\/ari-dealerspike\/\",\"url\":\"https:\/\/arinet.nl\/de\/ari-dealerspike\/\",\"name\":\"ARI International Customer Letter - ARI International\",\"isPartOf\":{\"@id\":\"https:\/\/arinet.nl\/de\/#website\"},\"datePublished\":\"2023-10-05T13:30:54+00:00\",\"dateModified\":\"2023-10-05T13:30:54+00:00\",\"breadcrumb\":{\"@id\":\"https:\/\/arinet.nl\/de\/ari-dealerspike\/#breadcrumb\"},\"inLanguage\":\"de-DE\",\"potentialAction\":[{\"@type\":\"ReadAction\",\"target\":[\"https:\/\/arinet.nl\/de\/ari-dealerspike\/\"]}]},{\"@type\":\"BreadcrumbList\",\"@id\":\"https:\/\/arinet.nl\/de\/ari-dealerspike\/#breadcrumb\",\"itemListElement\":[{\"@type\":\"ListItem\",\"position\":1,\"name\":\"Home\",\"item\":\"https:\/\/arinet.nl\/de\/\"},{\"@type\":\"ListItem\",\"position\":2,\"name\":\"ARI International Customer Letter\"}]},{\"@type\":\"WebSite\",\"@id\":\"https:\/\/arinet.nl\/de\/#website\",\"url\":\"https:\/\/arinet.nl\/de\/\",\"name\":\"LeadVenture\",\"description\":\"\",\"publisher\":{\"@id\":\"https:\/\/arinet.nl\/de\/#organization\"},\"potentialAction\":[{\"@type\":\"SearchAction\",\"target\":{\"@type\":\"EntryPoint\",\"urlTemplate\":\"https:\/\/arinet.nl\/de\/?s={search_term_string}\"},\"query-input\":{\"@type\":\"PropertyValueSpecification\",\"valueRequired\":true,\"valueName\":\"search_term_string\"}}],\"inLanguage\":\"de-DE\"},{\"@type\":\"Organization\",\"@id\":\"https:\/\/arinet.nl\/de\/#organization\",\"name\":\"LeadVenture\",\"url\":\"https:\/\/arinet.nl\/de\/\",\"logo\":{\"@type\":\"ImageObject\",\"inLanguage\":\"de-DE\",\"@id\":\"https:\/\/arinet.nl\/de\/#\/schema\/logo\/image\/\",\"url\":\"https:\/\/arinet.nl\/wp-content\/uploads\/2026\/02\/lvlogo.png\",\"contentUrl\":\"https:\/\/arinet.nl\/wp-content\/uploads\/2026\/02\/lvlogo.png\",\"width\":437,\"height\":160,\"caption\":\"LeadVenture\"},\"image\":{\"@id\":\"https:\/\/arinet.nl\/de\/#\/schema\/logo\/image\/\"}}]}<\/script>\n<!-- \/ Yoast SEO plugin. -->","yoast_head_json":{"title":"ARI International Customer Letter - ARI International","robots":{"index":"index","follow":"follow","max-snippet":"max-snippet:-1","max-image-preview":"max-image-preview:large","max-video-preview":"max-video-preview:-1"},"canonical":"https:\/\/arinet.nl\/de\/ari-dealerspike\/","og_locale":"de_DE","og_type":"article","og_title":"ARI International Customer Letter - ARI International","og_description":"An unsere gesch\u00e4tzten Kunden, Wir freuen uns, Ihnen mitteilen zu k\u00f6nnen, dass ARI seinen Markennamen in Dealer Spike \u00e4ndert. Seien Sie versichert, dass sich nur unser Markenname \u00e4ndert. Dieselben gro\u00dfartigen Mitarbeiter werden Ihnen weiterhin den gleichen erstklassigen Support, die gleichen Dienstleistungen und die gleiche Produktpalette bieten, die Sie von uns erwarten, einschlie\u00dflich Websites, digitaler Einzelhandel, [&hellip;]","og_url":"https:\/\/arinet.nl\/de\/ari-dealerspike\/","og_site_name":"ARI International","twitter_card":"summary_large_image","twitter_misc":{"Est. reading time":"1 minute"},"schema":{"@context":"https:\/\/schema.org","@graph":[{"@type":"WebPage","@id":"https:\/\/arinet.nl\/de\/ari-dealerspike\/","url":"https:\/\/arinet.nl\/de\/ari-dealerspike\/","name":"ARI International Customer Letter - ARI International","isPartOf":{"@id":"https:\/\/arinet.nl\/de\/#website"},"datePublished":"2023-10-05T13:30:54+00:00","dateModified":"2023-10-05T13:30:54+00:00","breadcrumb":{"@id":"https:\/\/arinet.nl\/de\/ari-dealerspike\/#breadcrumb"},"inLanguage":"de-DE","potentialAction":[{"@type":"ReadAction","target":["https:\/\/arinet.nl\/de\/ari-dealerspike\/"]}]},{"@type":"BreadcrumbList","@id":"https:\/\/arinet.nl\/de\/ari-dealerspike\/#breadcrumb","itemListElement":[{"@type":"ListItem","position":1,"name":"Home","item":"https:\/\/arinet.nl\/de\/"},{"@type":"ListItem","position":2,"name":"ARI International Customer Letter"}]},{"@type":"WebSite","@id":"https:\/\/arinet.nl\/de\/#website","url":"https:\/\/arinet.nl\/de\/","name":"LeadVenture","description":"","publisher":{"@id":"https:\/\/arinet.nl\/de\/#organization"},"potentialAction":[{"@type":"SearchAction","target":{"@type":"EntryPoint","urlTemplate":"https:\/\/arinet.nl\/de\/?s={search_term_string}"},"query-input":{"@type":"PropertyValueSpecification","valueRequired":true,"valueName":"search_term_string"}}],"inLanguage":"de-DE"},{"@type":"Organization","@id":"https:\/\/arinet.nl\/de\/#organization","name":"LeadVenture","url":"https:\/\/arinet.nl\/de\/","logo":{"@type":"ImageObject","inLanguage":"de-DE","@id":"https:\/\/arinet.nl\/de\/#\/schema\/logo\/image\/","url":"https:\/\/arinet.nl\/wp-content\/uploads\/2026\/02\/lvlogo.png","contentUrl":"https:\/\/arinet.nl\/wp-content\/uploads\/2026\/02\/lvlogo.png","width":437,"height":160,"caption":"LeadVenture"},"image":{"@id":"https:\/\/arinet.nl\/de\/#\/schema\/logo\/image\/"}}]}},"publishpress_future_workflow_manual_trigger":{"enabledWorkflows":[]},"_links":{"self":[{"href":"https:\/\/arinet.nl\/de\/wp-json\/wp\/v2\/pages\/31113"}],"collection":[{"href":"https:\/\/arinet.nl\/de\/wp-json\/wp\/v2\/pages"}],"about":[{"href":"https:\/\/arinet.nl\/de\/wp-json\/wp\/v2\/types\/page"}],"author":[{"embeddable":true,"href":"https:\/\/arinet.nl\/de\/wp-json\/wp\/v2\/users\/1"}],"replies":[{"embeddable":true,"href":"https:\/\/arinet.nl\/de\/wp-json\/wp\/v2\/comments?post=31113"}],"version-history":[{"count":1,"href":"https:\/\/arinet.nl\/de\/wp-json\/wp\/v2\/pages\/31113\/revisions"}],"predecessor-version":[{"id":31114,"href":"https:\/\/arinet.nl\/de\/wp-json\/wp\/v2\/pages\/31113\/revisions\/31114"}],"wp:attachment":[{"href":"https:\/\/arinet.nl\/de\/wp-json\/wp\/v2\/media?parent=31113"}],"curies":[{"name":"wp","href":"https:\/\/api.w.org\/{rel}","templated":true}]}}