{"id":21229,"date":"2018-03-12T16:43:59","date_gmt":"2018-03-12T16:43:59","guid":{"rendered":"http:\/\/arinet.nl\/oem\/partstream\/"},"modified":"2018-05-16T14:59:48","modified_gmt":"2018-05-16T14:59:48","slug":"partstream","status":"publish","type":"page","link":"https:\/\/arinet.nl\/de\/oem\/partstream\/","title":{"rendered":"PartStream"},"content":{"rendered":"<p>F\u00fcgen Sie Ihrer benutzerdefinierten Website eine f\u00fcr Mobilger\u00e4te optimierte, bebilderte und auf potenzielle Eink\u00e4ufer abgestimmte Teilesuchfunktion hinzu.<\/p>\n","protected":false},"excerpt":{"rendered":"F\u00fcgen Sie Ihrer benutzerdefinierten Website eine f\u00fcr Mobilger\u00e4te optimierte, bebilderte und auf potenzielle Eink\u00e4ufer abgestimmte Teilesuchfunktion hinzu.","protected":false},"author":1,"featured_media":21270,"parent":21217,"menu_order":0,"comment_status":"closed","ping_status":"closed","template":"solutions-wildcard.php","meta":{"_acf_changed":false,"footnotes":""},"class_list":["post-21229","page","type-page","status-publish","has-post-thumbnail","hentry"],"acf":[],"yoast_head":"<!-- This site is optimized with the Yoast SEO plugin v24.2 - https:\/\/yoast.com\/wordpress\/plugins\/seo\/ -->\n<title>PartStream - ARI International<\/title>\n<meta name=\"description\" content=\"R\u00fcsten Sie Ihr Online-Ersatzteilgesch\u00e4ft mit PartStream auf: ARIs preisgekr\u00f6ntes Ersatzteil-Nachschlagetool.\" \/>\n<meta name=\"robots\" content=\"index, follow, max-snippet:-1, max-image-preview:large, max-video-preview:-1\" \/>\n<link rel=\"canonical\" href=\"https:\/\/arinet.nl\/de\/oem\/partstream\/\" \/>\n<meta property=\"og:locale\" content=\"de_DE\" \/>\n<meta property=\"og:type\" content=\"article\" \/>\n<meta property=\"og:title\" content=\"PartStream - ARI International\" \/>\n<meta property=\"og:description\" content=\"R\u00fcsten Sie Ihr Online-Ersatzteilgesch\u00e4ft mit PartStream auf: ARIs preisgekr\u00f6ntes Ersatzteil-Nachschlagetool.\" \/>\n<meta property=\"og:url\" content=\"https:\/\/arinet.nl\/de\/oem\/partstream\/\" \/>\n<meta property=\"og:site_name\" content=\"ARI International\" \/>\n<meta property=\"article:modified_time\" content=\"2018-05-16T14:59:48+00:00\" \/>\n<meta property=\"og:image\" content=\"https:\/\/arinet.nl\/wp-content\/uploads\/2018\/03\/oem-partstream.png\" \/>\n\t<meta property=\"og:image:width\" content=\"46\" \/>\n\t<meta property=\"og:image:height\" content=\"42\" \/>\n\t<meta property=\"og:image:type\" content=\"image\/png\" \/>\n<meta name=\"twitter:card\" content=\"summary_large_image\" \/>\n<script type=\"application\/ld+json\" class=\"yoast-schema-graph\">{\"@context\":\"https:\/\/schema.org\",\"@graph\":[{\"@type\":\"WebPage\",\"@id\":\"https:\/\/arinet.nl\/de\/oem\/partstream\/\",\"url\":\"https:\/\/arinet.nl\/de\/oem\/partstream\/\",\"name\":\"PartStream - ARI International\",\"isPartOf\":{\"@id\":\"https:\/\/arinet.nl\/de\/#website\"},\"primaryImageOfPage\":{\"@id\":\"https:\/\/arinet.nl\/de\/oem\/partstream\/#primaryimage\"},\"image\":{\"@id\":\"https:\/\/arinet.nl\/de\/oem\/partstream\/#primaryimage\"},\"thumbnailUrl\":\"https:\/\/arinet.nl\/wp-content\/uploads\/2018\/03\/oem-partstream.png\",\"datePublished\":\"2018-03-12T16:43:59+00:00\",\"dateModified\":\"2018-05-16T14:59:48+00:00\",\"description\":\"R\u00fcsten Sie Ihr Online-Ersatzteilgesch\u00e4ft mit PartStream auf: ARIs preisgekr\u00f6ntes Ersatzteil-Nachschlagetool.\",\"breadcrumb\":{\"@id\":\"https:\/\/arinet.nl\/de\/oem\/partstream\/#breadcrumb\"},\"inLanguage\":\"de-DE\",\"potentialAction\":[{\"@type\":\"ReadAction\",\"target\":[\"https:\/\/arinet.nl\/de\/oem\/partstream\/\"]}]},{\"@type\":\"ImageObject\",\"inLanguage\":\"de-DE\",\"@id\":\"https:\/\/arinet.nl\/de\/oem\/partstream\/#primaryimage\",\"url\":\"https:\/\/arinet.nl\/wp-content\/uploads\/2018\/03\/oem-partstream.png\",\"contentUrl\":\"https:\/\/arinet.nl\/wp-content\/uploads\/2018\/03\/oem-partstream.png\",\"width\":46,\"height\":42},{\"@type\":\"BreadcrumbList\",\"@id\":\"https:\/\/arinet.nl\/de\/oem\/partstream\/#breadcrumb\",\"itemListElement\":[{\"@type\":\"ListItem\",\"position\":1,\"name\":\"Home\",\"item\":\"https:\/\/arinet.nl\/de\/\"},{\"@type\":\"ListItem\",\"position\":2,\"name\":\"OEM-L\u00f6sungen\",\"item\":\"https:\/\/arinet.nl\/de\/oem\/\"},{\"@type\":\"ListItem\",\"position\":3,\"name\":\"PartStream\"}]},{\"@type\":\"WebSite\",\"@id\":\"https:\/\/arinet.nl\/de\/#website\",\"url\":\"https:\/\/arinet.nl\/de\/\",\"name\":\"LeadVenture\",\"description\":\"\",\"publisher\":{\"@id\":\"https:\/\/arinet.nl\/de\/#organization\"},\"potentialAction\":[{\"@type\":\"SearchAction\",\"target\":{\"@type\":\"EntryPoint\",\"urlTemplate\":\"https:\/\/arinet.nl\/de\/?s={search_term_string}\"},\"query-input\":{\"@type\":\"PropertyValueSpecification\",\"valueRequired\":true,\"valueName\":\"search_term_string\"}}],\"inLanguage\":\"de-DE\"},{\"@type\":\"Organization\",\"@id\":\"https:\/\/arinet.nl\/de\/#organization\",\"name\":\"LeadVenture\",\"url\":\"https:\/\/arinet.nl\/de\/\",\"logo\":{\"@type\":\"ImageObject\",\"inLanguage\":\"de-DE\",\"@id\":\"https:\/\/arinet.nl\/de\/#\/schema\/logo\/image\/\",\"url\":\"https:\/\/arinet.nl\/wp-content\/uploads\/2026\/02\/lvlogo.png\",\"contentUrl\":\"https:\/\/arinet.nl\/wp-content\/uploads\/2026\/02\/lvlogo.png\",\"width\":437,\"height\":160,\"caption\":\"LeadVenture\"},\"image\":{\"@id\":\"https:\/\/arinet.nl\/de\/#\/schema\/logo\/image\/\"}}]}<\/script>\n<!-- \/ Yoast SEO plugin. -->","yoast_head_json":{"title":"PartStream - ARI International","description":"R\u00fcsten Sie Ihr Online-Ersatzteilgesch\u00e4ft mit PartStream auf: ARIs preisgekr\u00f6ntes Ersatzteil-Nachschlagetool.","robots":{"index":"index","follow":"follow","max-snippet":"max-snippet:-1","max-image-preview":"max-image-preview:large","max-video-preview":"max-video-preview:-1"},"canonical":"https:\/\/arinet.nl\/de\/oem\/partstream\/","og_locale":"de_DE","og_type":"article","og_title":"PartStream - ARI International","og_description":"R\u00fcsten Sie Ihr Online-Ersatzteilgesch\u00e4ft mit PartStream auf: ARIs preisgekr\u00f6ntes Ersatzteil-Nachschlagetool.","og_url":"https:\/\/arinet.nl\/de\/oem\/partstream\/","og_site_name":"ARI International","article_modified_time":"2018-05-16T14:59:48+00:00","og_image":[{"width":46,"height":42,"url":"https:\/\/arinet.nl\/wp-content\/uploads\/2018\/03\/oem-partstream.png","type":"image\/png"}],"twitter_card":"summary_large_image","schema":{"@context":"https:\/\/schema.org","@graph":[{"@type":"WebPage","@id":"https:\/\/arinet.nl\/de\/oem\/partstream\/","url":"https:\/\/arinet.nl\/de\/oem\/partstream\/","name":"PartStream - ARI International","isPartOf":{"@id":"https:\/\/arinet.nl\/de\/#website"},"primaryImageOfPage":{"@id":"https:\/\/arinet.nl\/de\/oem\/partstream\/#primaryimage"},"image":{"@id":"https:\/\/arinet.nl\/de\/oem\/partstream\/#primaryimage"},"thumbnailUrl":"https:\/\/arinet.nl\/wp-content\/uploads\/2018\/03\/oem-partstream.png","datePublished":"2018-03-12T16:43:59+00:00","dateModified":"2018-05-16T14:59:48+00:00","description":"R\u00fcsten Sie Ihr Online-Ersatzteilgesch\u00e4ft mit PartStream auf: ARIs preisgekr\u00f6ntes Ersatzteil-Nachschlagetool.","breadcrumb":{"@id":"https:\/\/arinet.nl\/de\/oem\/partstream\/#breadcrumb"},"inLanguage":"de-DE","potentialAction":[{"@type":"ReadAction","target":["https:\/\/arinet.nl\/de\/oem\/partstream\/"]}]},{"@type":"ImageObject","inLanguage":"de-DE","@id":"https:\/\/arinet.nl\/de\/oem\/partstream\/#primaryimage","url":"https:\/\/arinet.nl\/wp-content\/uploads\/2018\/03\/oem-partstream.png","contentUrl":"https:\/\/arinet.nl\/wp-content\/uploads\/2018\/03\/oem-partstream.png","width":46,"height":42},{"@type":"BreadcrumbList","@id":"https:\/\/arinet.nl\/de\/oem\/partstream\/#breadcrumb","itemListElement":[{"@type":"ListItem","position":1,"name":"Home","item":"https:\/\/arinet.nl\/de\/"},{"@type":"ListItem","position":2,"name":"OEM-L\u00f6sungen","item":"https:\/\/arinet.nl\/de\/oem\/"},{"@type":"ListItem","position":3,"name":"PartStream"}]},{"@type":"WebSite","@id":"https:\/\/arinet.nl\/de\/#website","url":"https:\/\/arinet.nl\/de\/","name":"LeadVenture","description":"","publisher":{"@id":"https:\/\/arinet.nl\/de\/#organization"},"potentialAction":[{"@type":"SearchAction","target":{"@type":"EntryPoint","urlTemplate":"https:\/\/arinet.nl\/de\/?s={search_term_string}"},"query-input":{"@type":"PropertyValueSpecification","valueRequired":true,"valueName":"search_term_string"}}],"inLanguage":"de-DE"},{"@type":"Organization","@id":"https:\/\/arinet.nl\/de\/#organization","name":"LeadVenture","url":"https:\/\/arinet.nl\/de\/","logo":{"@type":"ImageObject","inLanguage":"de-DE","@id":"https:\/\/arinet.nl\/de\/#\/schema\/logo\/image\/","url":"https:\/\/arinet.nl\/wp-content\/uploads\/2026\/02\/lvlogo.png","contentUrl":"https:\/\/arinet.nl\/wp-content\/uploads\/2026\/02\/lvlogo.png","width":437,"height":160,"caption":"LeadVenture"},"image":{"@id":"https:\/\/arinet.nl\/de\/#\/schema\/logo\/image\/"}}]}},"publishpress_future_workflow_manual_trigger":{"enabledWorkflows":[]},"_links":{"self":[{"href":"https:\/\/arinet.nl\/de\/wp-json\/wp\/v2\/pages\/21229"}],"collection":[{"href":"https:\/\/arinet.nl\/de\/wp-json\/wp\/v2\/pages"}],"about":[{"href":"https:\/\/arinet.nl\/de\/wp-json\/wp\/v2\/types\/page"}],"author":[{"embeddable":true,"href":"https:\/\/arinet.nl\/de\/wp-json\/wp\/v2\/users\/1"}],"replies":[{"embeddable":true,"href":"https:\/\/arinet.nl\/de\/wp-json\/wp\/v2\/comments?post=21229"}],"version-history":[{"count":8,"href":"https:\/\/arinet.nl\/de\/wp-json\/wp\/v2\/pages\/21229\/revisions"}],"predecessor-version":[{"id":22244,"href":"https:\/\/arinet.nl\/de\/wp-json\/wp\/v2\/pages\/21229\/revisions\/22244"}],"up":[{"embeddable":true,"href":"https:\/\/arinet.nl\/de\/wp-json\/wp\/v2\/pages\/21217"}],"wp:featuredmedia":[{"embeddable":true,"href":"https:\/\/arinet.nl\/de\/wp-json\/wp\/v2\/media\/21270"}],"wp:attachment":[{"href":"https:\/\/arinet.nl\/de\/wp-json\/wp\/v2\/media?parent=21229"}],"curies":[{"name":"wp","href":"https:\/\/api.w.org\/{rel}","templated":true}]}}