{"id":16674,"date":"2017-12-20T21:15:32","date_gmt":"2017-12-20T21:15:32","guid":{"rendered":"http:\/\/arinet.nl\/wir-haben-ihr-formular-erhalten\/"},"modified":"2018-04-24T14:30:00","modified_gmt":"2018-04-24T14:30:00","slug":"wir-haben-ihr-formular-erhalten","status":"publish","type":"page","link":"https:\/\/arinet.nl\/de\/wir-haben-ihr-formular-erhalten\/","title":{"rendered":"Thanks. Merci. Vielen Dank. Gracias. Grazie."},"content":{"rendered":"<h1>Wir freuen uns, dass Sie uns kontaktiert haben. Vielen Dank!<\/h1>\n<h5>Wir haben Ihre Informationen erhalten und freuen uns, schon bald mit Ihnen ein Gespr\u00e4ch zu f\u00fchren! Sollten Sie zwischenzeitlich Fragen f\u00fcr uns haben, rufen Sie uns bitte unter\u00a0 \u00a0 +31 71 5248030 an.<\/h5>\n<p>Mehr \u00fcber das Angebot von ARI finden Sie in unseren kostenlosen H\u00e4ndler-<a href=\"http:\/\/arinet.nl\/ressourcen\/?lang=de\">Ressourcen.<\/a><\/p>\n","protected":false},"excerpt":{"rendered":"Wir freuen uns, dass Sie uns kontaktiert haben. Vielen Dank! Wir haben Ihre Informationen erhalten und freuen uns, schon bald mit Ihnen ein Gespr\u00e4ch zu f\u00fchren! Sollten Sie zwischenzeitlich Fragen f\u00fcr uns haben, rufen Sie uns bitte unter\u00a0 \u00a0 +31 71 5248030 an. Mehr \u00fcber das Angebot von ARI finden Sie in unseren kostenlosen H\u00e4ndler-Ressourcen.","protected":false},"author":12,"featured_media":0,"parent":0,"menu_order":0,"comment_status":"closed","ping_status":"closed","template":"simple-landing.php","meta":{"_acf_changed":false,"footnotes":""},"class_list":["post-16674","page","type-page","status-publish","hentry"],"acf":[],"yoast_head":"<!-- This site is optimized with the Yoast SEO plugin v24.2 - https:\/\/yoast.com\/wordpress\/plugins\/seo\/ -->\n<title>Thanks. Merci. Vielen Dank. Gracias. Grazie. - ARI International<\/title>\n<meta name=\"robots\" content=\"index, follow, max-snippet:-1, max-image-preview:large, max-video-preview:-1\" \/>\n<link rel=\"canonical\" href=\"https:\/\/arinet.nl\/de\/wir-haben-ihr-formular-erhalten\/\" \/>\n<meta property=\"og:locale\" content=\"de_DE\" \/>\n<meta property=\"og:type\" content=\"article\" \/>\n<meta property=\"og:title\" content=\"Thanks. Merci. Vielen Dank. Gracias. Grazie. - ARI International\" \/>\n<meta property=\"og:description\" content=\"Wir freuen uns, dass Sie uns kontaktiert haben. Vielen Dank! Wir haben Ihre Informationen erhalten und freuen uns, schon bald mit Ihnen ein Gespr\u00e4ch zu f\u00fchren! Sollten Sie zwischenzeitlich Fragen f\u00fcr uns haben, rufen Sie uns bitte unter\u00a0 \u00a0 +31 71 5248030 an. Mehr \u00fcber das Angebot von ARI finden Sie in unseren kostenlosen H\u00e4ndler-Ressourcen.\" \/>\n<meta property=\"og:url\" content=\"https:\/\/arinet.nl\/de\/wir-haben-ihr-formular-erhalten\/\" \/>\n<meta property=\"og:site_name\" content=\"ARI International\" \/>\n<meta property=\"article:modified_time\" content=\"2018-04-24T14:30:00+00:00\" \/>\n<meta name=\"twitter:card\" content=\"summary_large_image\" \/>\n<script type=\"application\/ld+json\" class=\"yoast-schema-graph\">{\"@context\":\"https:\/\/schema.org\",\"@graph\":[{\"@type\":\"WebPage\",\"@id\":\"https:\/\/arinet.nl\/de\/wir-haben-ihr-formular-erhalten\/\",\"url\":\"https:\/\/arinet.nl\/de\/wir-haben-ihr-formular-erhalten\/\",\"name\":\"Thanks. Merci. Vielen Dank. Gracias. Grazie. - ARI International\",\"isPartOf\":{\"@id\":\"https:\/\/arinet.nl\/de\/#website\"},\"datePublished\":\"2017-12-20T21:15:32+00:00\",\"dateModified\":\"2018-04-24T14:30:00+00:00\",\"breadcrumb\":{\"@id\":\"https:\/\/arinet.nl\/de\/wir-haben-ihr-formular-erhalten\/#breadcrumb\"},\"inLanguage\":\"de-DE\",\"potentialAction\":[{\"@type\":\"ReadAction\",\"target\":[\"https:\/\/arinet.nl\/de\/wir-haben-ihr-formular-erhalten\/\"]}]},{\"@type\":\"BreadcrumbList\",\"@id\":\"https:\/\/arinet.nl\/de\/wir-haben-ihr-formular-erhalten\/#breadcrumb\",\"itemListElement\":[{\"@type\":\"ListItem\",\"position\":1,\"name\":\"Home\",\"item\":\"https:\/\/arinet.nl\/de\/\"},{\"@type\":\"ListItem\",\"position\":2,\"name\":\"Thanks. Merci. Vielen Dank. Gracias. Grazie.\"}]},{\"@type\":\"WebSite\",\"@id\":\"https:\/\/arinet.nl\/de\/#website\",\"url\":\"https:\/\/arinet.nl\/de\/\",\"name\":\"LeadVenture\",\"description\":\"\",\"publisher\":{\"@id\":\"https:\/\/arinet.nl\/de\/#organization\"},\"potentialAction\":[{\"@type\":\"SearchAction\",\"target\":{\"@type\":\"EntryPoint\",\"urlTemplate\":\"https:\/\/arinet.nl\/de\/?s={search_term_string}\"},\"query-input\":{\"@type\":\"PropertyValueSpecification\",\"valueRequired\":true,\"valueName\":\"search_term_string\"}}],\"inLanguage\":\"de-DE\"},{\"@type\":\"Organization\",\"@id\":\"https:\/\/arinet.nl\/de\/#organization\",\"name\":\"LeadVenture\",\"url\":\"https:\/\/arinet.nl\/de\/\",\"logo\":{\"@type\":\"ImageObject\",\"inLanguage\":\"de-DE\",\"@id\":\"https:\/\/arinet.nl\/de\/#\/schema\/logo\/image\/\",\"url\":\"https:\/\/arinet.nl\/wp-content\/uploads\/2026\/02\/lvlogo.png\",\"contentUrl\":\"https:\/\/arinet.nl\/wp-content\/uploads\/2026\/02\/lvlogo.png\",\"width\":437,\"height\":160,\"caption\":\"LeadVenture\"},\"image\":{\"@id\":\"https:\/\/arinet.nl\/de\/#\/schema\/logo\/image\/\"}}]}<\/script>\n<!-- \/ Yoast SEO plugin. -->","yoast_head_json":{"title":"Thanks. Merci. Vielen Dank. Gracias. Grazie. - ARI International","robots":{"index":"index","follow":"follow","max-snippet":"max-snippet:-1","max-image-preview":"max-image-preview:large","max-video-preview":"max-video-preview:-1"},"canonical":"https:\/\/arinet.nl\/de\/wir-haben-ihr-formular-erhalten\/","og_locale":"de_DE","og_type":"article","og_title":"Thanks. Merci. Vielen Dank. Gracias. Grazie. - ARI International","og_description":"Wir freuen uns, dass Sie uns kontaktiert haben. Vielen Dank! Wir haben Ihre Informationen erhalten und freuen uns, schon bald mit Ihnen ein Gespr\u00e4ch zu f\u00fchren! Sollten Sie zwischenzeitlich Fragen f\u00fcr uns haben, rufen Sie uns bitte unter\u00a0 \u00a0 +31 71 5248030 an. Mehr \u00fcber das Angebot von ARI finden Sie in unseren kostenlosen H\u00e4ndler-Ressourcen.","og_url":"https:\/\/arinet.nl\/de\/wir-haben-ihr-formular-erhalten\/","og_site_name":"ARI International","article_modified_time":"2018-04-24T14:30:00+00:00","twitter_card":"summary_large_image","schema":{"@context":"https:\/\/schema.org","@graph":[{"@type":"WebPage","@id":"https:\/\/arinet.nl\/de\/wir-haben-ihr-formular-erhalten\/","url":"https:\/\/arinet.nl\/de\/wir-haben-ihr-formular-erhalten\/","name":"Thanks. Merci. Vielen Dank. Gracias. Grazie. - ARI International","isPartOf":{"@id":"https:\/\/arinet.nl\/de\/#website"},"datePublished":"2017-12-20T21:15:32+00:00","dateModified":"2018-04-24T14:30:00+00:00","breadcrumb":{"@id":"https:\/\/arinet.nl\/de\/wir-haben-ihr-formular-erhalten\/#breadcrumb"},"inLanguage":"de-DE","potentialAction":[{"@type":"ReadAction","target":["https:\/\/arinet.nl\/de\/wir-haben-ihr-formular-erhalten\/"]}]},{"@type":"BreadcrumbList","@id":"https:\/\/arinet.nl\/de\/wir-haben-ihr-formular-erhalten\/#breadcrumb","itemListElement":[{"@type":"ListItem","position":1,"name":"Home","item":"https:\/\/arinet.nl\/de\/"},{"@type":"ListItem","position":2,"name":"Thanks. Merci. Vielen Dank. Gracias. Grazie."}]},{"@type":"WebSite","@id":"https:\/\/arinet.nl\/de\/#website","url":"https:\/\/arinet.nl\/de\/","name":"LeadVenture","description":"","publisher":{"@id":"https:\/\/arinet.nl\/de\/#organization"},"potentialAction":[{"@type":"SearchAction","target":{"@type":"EntryPoint","urlTemplate":"https:\/\/arinet.nl\/de\/?s={search_term_string}"},"query-input":{"@type":"PropertyValueSpecification","valueRequired":true,"valueName":"search_term_string"}}],"inLanguage":"de-DE"},{"@type":"Organization","@id":"https:\/\/arinet.nl\/de\/#organization","name":"LeadVenture","url":"https:\/\/arinet.nl\/de\/","logo":{"@type":"ImageObject","inLanguage":"de-DE","@id":"https:\/\/arinet.nl\/de\/#\/schema\/logo\/image\/","url":"https:\/\/arinet.nl\/wp-content\/uploads\/2026\/02\/lvlogo.png","contentUrl":"https:\/\/arinet.nl\/wp-content\/uploads\/2026\/02\/lvlogo.png","width":437,"height":160,"caption":"LeadVenture"},"image":{"@id":"https:\/\/arinet.nl\/de\/#\/schema\/logo\/image\/"}}]}},"publishpress_future_workflow_manual_trigger":{"enabledWorkflows":[]},"_links":{"self":[{"href":"https:\/\/arinet.nl\/de\/wp-json\/wp\/v2\/pages\/16674"}],"collection":[{"href":"https:\/\/arinet.nl\/de\/wp-json\/wp\/v2\/pages"}],"about":[{"href":"https:\/\/arinet.nl\/de\/wp-json\/wp\/v2\/types\/page"}],"author":[{"embeddable":true,"href":"https:\/\/arinet.nl\/de\/wp-json\/wp\/v2\/users\/12"}],"replies":[{"embeddable":true,"href":"https:\/\/arinet.nl\/de\/wp-json\/wp\/v2\/comments?post=16674"}],"version-history":[{"count":3,"href":"https:\/\/arinet.nl\/de\/wp-json\/wp\/v2\/pages\/16674\/revisions"}],"predecessor-version":[{"id":21463,"href":"https:\/\/arinet.nl\/de\/wp-json\/wp\/v2\/pages\/16674\/revisions\/21463"}],"wp:attachment":[{"href":"https:\/\/arinet.nl\/de\/wp-json\/wp\/v2\/media?parent=16674"}],"curies":[{"name":"wp","href":"https:\/\/api.w.org\/{rel}","templated":true}]}}