{"id":15457,"date":"2017-12-15T20:48:52","date_gmt":"2017-12-15T20:48:52","guid":{"rendered":"http:\/\/arinet.nl\/datasmart\/"},"modified":"2018-05-08T16:56:14","modified_gmt":"2018-05-08T16:56:14","slug":"datasmart","status":"publish","type":"page","link":"https:\/\/arinet.nl\/de\/datasmart\/","title":{"rendered":"DataSmart"},"content":{"rendered":"<p>Beseitigen Sie den \u00c4rger des Produktinformationsmanagements mit dem Zugriff auf die branchenf\u00fchrende, elektronische Katalogbibliothek f\u00fcr OEM- und Zubeh\u00f6rprodukte.<\/p>\n","protected":false},"excerpt":{"rendered":"Beseitigen Sie den \u00c4rger des Produktinformationsmanagements mit dem Zugriff auf die branchenf\u00fchrende, elektronische Katalogbibliothek f\u00fcr OEM- und Zubeh\u00f6rprodukte.","protected":false},"author":1,"featured_media":21285,"parent":0,"menu_order":0,"comment_status":"closed","ping_status":"closed","template":"solutions-wildcard.php","meta":{"_acf_changed":false,"footnotes":""},"class_list":["post-15457","page","type-page","status-publish","has-post-thumbnail","hentry"],"acf":[],"yoast_head":"<!-- This site is optimized with the Yoast SEO plugin v24.2 - https:\/\/yoast.com\/wordpress\/plugins\/seo\/ -->\n<title>Zugang zu OEM-Inhalten mit DataSmart | ARI Network Services<\/title>\n<meta name=\"description\" content=\"Greifen Sie auf die f\u00fchrende OEM- und Anschlussmarkt-eCatalog-Inhaltsbibliothek von Marken wie Tucker Rocky, Parts Unlimited, Western Power Sports, Arctic Cat, Kawasaki, Polaris und vielen anderen zu. Informieren Sie sich n\u00e4her oder rufen Sie uns an unter +31 71 524-8030.\" \/>\n<meta name=\"robots\" content=\"index, follow, max-snippet:-1, max-image-preview:large, max-video-preview:-1\" \/>\n<link rel=\"canonical\" href=\"https:\/\/arinet.nl\/de\/datasmart\/\" \/>\n<meta property=\"og:locale\" content=\"de_DE\" \/>\n<meta property=\"og:type\" content=\"article\" \/>\n<meta property=\"og:title\" content=\"Zugang zu OEM-Inhalten mit DataSmart | ARI Network Services\" \/>\n<meta property=\"og:description\" content=\"Greifen Sie auf die f\u00fchrende OEM- und Anschlussmarkt-eCatalog-Inhaltsbibliothek von Marken wie Tucker Rocky, Parts Unlimited, Western Power Sports, Arctic Cat, Kawasaki, Polaris und vielen anderen zu. Informieren Sie sich n\u00e4her oder rufen Sie uns an unter +31 71 524-8030.\" \/>\n<meta property=\"og:url\" content=\"https:\/\/arinet.nl\/de\/datasmart\/\" \/>\n<meta property=\"og:site_name\" content=\"ARI International\" \/>\n<meta property=\"article:modified_time\" content=\"2018-05-08T16:56:14+00:00\" \/>\n<meta property=\"og:image\" content=\"https:\/\/arinet.nl\/wp-content\/uploads\/2018\/03\/datasmart.png\" \/>\n\t<meta property=\"og:image:width\" content=\"46\" \/>\n\t<meta property=\"og:image:height\" content=\"42\" \/>\n\t<meta property=\"og:image:type\" content=\"image\/png\" \/>\n<meta name=\"twitter:card\" content=\"summary_large_image\" \/>\n<script type=\"application\/ld+json\" class=\"yoast-schema-graph\">{\"@context\":\"https:\/\/schema.org\",\"@graph\":[{\"@type\":\"WebPage\",\"@id\":\"https:\/\/arinet.nl\/de\/datasmart\/\",\"url\":\"https:\/\/arinet.nl\/de\/datasmart\/\",\"name\":\"Zugang zu OEM-Inhalten mit DataSmart | ARI Network Services\",\"isPartOf\":{\"@id\":\"https:\/\/arinet.nl\/de\/#website\"},\"primaryImageOfPage\":{\"@id\":\"https:\/\/arinet.nl\/de\/datasmart\/#primaryimage\"},\"image\":{\"@id\":\"https:\/\/arinet.nl\/de\/datasmart\/#primaryimage\"},\"thumbnailUrl\":\"https:\/\/arinet.nl\/wp-content\/uploads\/2018\/03\/datasmart.png\",\"datePublished\":\"2017-12-15T20:48:52+00:00\",\"dateModified\":\"2018-05-08T16:56:14+00:00\",\"description\":\"Greifen Sie auf die f\u00fchrende OEM- und Anschlussmarkt-eCatalog-Inhaltsbibliothek von Marken wie Tucker Rocky, Parts Unlimited, Western Power Sports, Arctic Cat, Kawasaki, Polaris und vielen anderen zu. Informieren Sie sich n\u00e4her oder rufen Sie uns an unter +31 71 524-8030.\",\"breadcrumb\":{\"@id\":\"https:\/\/arinet.nl\/de\/datasmart\/#breadcrumb\"},\"inLanguage\":\"de-DE\",\"potentialAction\":[{\"@type\":\"ReadAction\",\"target\":[\"https:\/\/arinet.nl\/de\/datasmart\/\"]}]},{\"@type\":\"ImageObject\",\"inLanguage\":\"de-DE\",\"@id\":\"https:\/\/arinet.nl\/de\/datasmart\/#primaryimage\",\"url\":\"https:\/\/arinet.nl\/wp-content\/uploads\/2018\/03\/datasmart.png\",\"contentUrl\":\"https:\/\/arinet.nl\/wp-content\/uploads\/2018\/03\/datasmart.png\",\"width\":46,\"height\":42},{\"@type\":\"BreadcrumbList\",\"@id\":\"https:\/\/arinet.nl\/de\/datasmart\/#breadcrumb\",\"itemListElement\":[{\"@type\":\"ListItem\",\"position\":1,\"name\":\"Home\",\"item\":\"https:\/\/arinet.nl\/de\/\"},{\"@type\":\"ListItem\",\"position\":2,\"name\":\"DataSmart\"}]},{\"@type\":\"WebSite\",\"@id\":\"https:\/\/arinet.nl\/de\/#website\",\"url\":\"https:\/\/arinet.nl\/de\/\",\"name\":\"LeadVenture\",\"description\":\"\",\"publisher\":{\"@id\":\"https:\/\/arinet.nl\/de\/#organization\"},\"potentialAction\":[{\"@type\":\"SearchAction\",\"target\":{\"@type\":\"EntryPoint\",\"urlTemplate\":\"https:\/\/arinet.nl\/de\/?s={search_term_string}\"},\"query-input\":{\"@type\":\"PropertyValueSpecification\",\"valueRequired\":true,\"valueName\":\"search_term_string\"}}],\"inLanguage\":\"de-DE\"},{\"@type\":\"Organization\",\"@id\":\"https:\/\/arinet.nl\/de\/#organization\",\"name\":\"LeadVenture\",\"url\":\"https:\/\/arinet.nl\/de\/\",\"logo\":{\"@type\":\"ImageObject\",\"inLanguage\":\"de-DE\",\"@id\":\"https:\/\/arinet.nl\/de\/#\/schema\/logo\/image\/\",\"url\":\"https:\/\/arinet.nl\/wp-content\/uploads\/2026\/02\/lvlogo.png\",\"contentUrl\":\"https:\/\/arinet.nl\/wp-content\/uploads\/2026\/02\/lvlogo.png\",\"width\":437,\"height\":160,\"caption\":\"LeadVenture\"},\"image\":{\"@id\":\"https:\/\/arinet.nl\/de\/#\/schema\/logo\/image\/\"}}]}<\/script>\n<!-- \/ Yoast SEO plugin. -->","yoast_head_json":{"title":"Zugang zu OEM-Inhalten mit DataSmart | ARI Network Services","description":"Greifen Sie auf die f\u00fchrende OEM- und Anschlussmarkt-eCatalog-Inhaltsbibliothek von Marken wie Tucker Rocky, Parts Unlimited, Western Power Sports, Arctic Cat, Kawasaki, Polaris und vielen anderen zu. Informieren Sie sich n\u00e4her oder rufen Sie uns an unter +31 71 524-8030.","robots":{"index":"index","follow":"follow","max-snippet":"max-snippet:-1","max-image-preview":"max-image-preview:large","max-video-preview":"max-video-preview:-1"},"canonical":"https:\/\/arinet.nl\/de\/datasmart\/","og_locale":"de_DE","og_type":"article","og_title":"Zugang zu OEM-Inhalten mit DataSmart | ARI Network Services","og_description":"Greifen Sie auf die f\u00fchrende OEM- und Anschlussmarkt-eCatalog-Inhaltsbibliothek von Marken wie Tucker Rocky, Parts Unlimited, Western Power Sports, Arctic Cat, Kawasaki, Polaris und vielen anderen zu. Informieren Sie sich n\u00e4her oder rufen Sie uns an unter +31 71 524-8030.","og_url":"https:\/\/arinet.nl\/de\/datasmart\/","og_site_name":"ARI International","article_modified_time":"2018-05-08T16:56:14+00:00","og_image":[{"width":46,"height":42,"url":"https:\/\/arinet.nl\/wp-content\/uploads\/2018\/03\/datasmart.png","type":"image\/png"}],"twitter_card":"summary_large_image","schema":{"@context":"https:\/\/schema.org","@graph":[{"@type":"WebPage","@id":"https:\/\/arinet.nl\/de\/datasmart\/","url":"https:\/\/arinet.nl\/de\/datasmart\/","name":"Zugang zu OEM-Inhalten mit DataSmart | ARI Network Services","isPartOf":{"@id":"https:\/\/arinet.nl\/de\/#website"},"primaryImageOfPage":{"@id":"https:\/\/arinet.nl\/de\/datasmart\/#primaryimage"},"image":{"@id":"https:\/\/arinet.nl\/de\/datasmart\/#primaryimage"},"thumbnailUrl":"https:\/\/arinet.nl\/wp-content\/uploads\/2018\/03\/datasmart.png","datePublished":"2017-12-15T20:48:52+00:00","dateModified":"2018-05-08T16:56:14+00:00","description":"Greifen Sie auf die f\u00fchrende OEM- und Anschlussmarkt-eCatalog-Inhaltsbibliothek von Marken wie Tucker Rocky, Parts Unlimited, Western Power Sports, Arctic Cat, Kawasaki, Polaris und vielen anderen zu. Informieren Sie sich n\u00e4her oder rufen Sie uns an unter +31 71 524-8030.","breadcrumb":{"@id":"https:\/\/arinet.nl\/de\/datasmart\/#breadcrumb"},"inLanguage":"de-DE","potentialAction":[{"@type":"ReadAction","target":["https:\/\/arinet.nl\/de\/datasmart\/"]}]},{"@type":"ImageObject","inLanguage":"de-DE","@id":"https:\/\/arinet.nl\/de\/datasmart\/#primaryimage","url":"https:\/\/arinet.nl\/wp-content\/uploads\/2018\/03\/datasmart.png","contentUrl":"https:\/\/arinet.nl\/wp-content\/uploads\/2018\/03\/datasmart.png","width":46,"height":42},{"@type":"BreadcrumbList","@id":"https:\/\/arinet.nl\/de\/datasmart\/#breadcrumb","itemListElement":[{"@type":"ListItem","position":1,"name":"Home","item":"https:\/\/arinet.nl\/de\/"},{"@type":"ListItem","position":2,"name":"DataSmart"}]},{"@type":"WebSite","@id":"https:\/\/arinet.nl\/de\/#website","url":"https:\/\/arinet.nl\/de\/","name":"LeadVenture","description":"","publisher":{"@id":"https:\/\/arinet.nl\/de\/#organization"},"potentialAction":[{"@type":"SearchAction","target":{"@type":"EntryPoint","urlTemplate":"https:\/\/arinet.nl\/de\/?s={search_term_string}"},"query-input":{"@type":"PropertyValueSpecification","valueRequired":true,"valueName":"search_term_string"}}],"inLanguage":"de-DE"},{"@type":"Organization","@id":"https:\/\/arinet.nl\/de\/#organization","name":"LeadVenture","url":"https:\/\/arinet.nl\/de\/","logo":{"@type":"ImageObject","inLanguage":"de-DE","@id":"https:\/\/arinet.nl\/de\/#\/schema\/logo\/image\/","url":"https:\/\/arinet.nl\/wp-content\/uploads\/2026\/02\/lvlogo.png","contentUrl":"https:\/\/arinet.nl\/wp-content\/uploads\/2026\/02\/lvlogo.png","width":437,"height":160,"caption":"LeadVenture"},"image":{"@id":"https:\/\/arinet.nl\/de\/#\/schema\/logo\/image\/"}}]}},"publishpress_future_workflow_manual_trigger":{"enabledWorkflows":[]},"_links":{"self":[{"href":"https:\/\/arinet.nl\/de\/wp-json\/wp\/v2\/pages\/15457"}],"collection":[{"href":"https:\/\/arinet.nl\/de\/wp-json\/wp\/v2\/pages"}],"about":[{"href":"https:\/\/arinet.nl\/de\/wp-json\/wp\/v2\/types\/page"}],"author":[{"embeddable":true,"href":"https:\/\/arinet.nl\/de\/wp-json\/wp\/v2\/users\/1"}],"replies":[{"embeddable":true,"href":"https:\/\/arinet.nl\/de\/wp-json\/wp\/v2\/comments?post=15457"}],"version-history":[{"count":8,"href":"https:\/\/arinet.nl\/de\/wp-json\/wp\/v2\/pages\/15457\/revisions"}],"predecessor-version":[{"id":22177,"href":"https:\/\/arinet.nl\/de\/wp-json\/wp\/v2\/pages\/15457\/revisions\/22177"}],"wp:featuredmedia":[{"embeddable":true,"href":"https:\/\/arinet.nl\/de\/wp-json\/wp\/v2\/media\/21285"}],"wp:attachment":[{"href":"https:\/\/arinet.nl\/de\/wp-json\/wp\/v2\/media?parent=15457"}],"curies":[{"name":"wp","href":"https:\/\/api.w.org\/{rel}","templated":true}]}}