{"id":15437,"date":"2017-12-15T20:48:42","date_gmt":"2017-12-15T20:48:42","guid":{"rendered":"http:\/\/arinet.nl\/kundenunterstutzung\/"},"modified":"2018-05-01T13:58:10","modified_gmt":"2018-05-01T13:58:10","slug":"kundenunterstutzung","status":"publish","type":"page","link":"https:\/\/arinet.nl\/de\/kundenunterstutzung\/","title":{"rendered":"Kundenunterst\u00fctzung"},"content":{"rendered":"<h3>Support einschalten<\/h3>\n<p>Wenn Sie mit einem Ihrer Produkte ein Rechnungs-, Technik- oder Verkaufsproblem haben, rufen Sie uns bitte an oder f\u00fcllen Sie das Formular unten aus. Wir helfen Ihnen gerne weiter.<\/p>\n","protected":false},"excerpt":{"rendered":"Support einschalten Wenn Sie mit einem Ihrer Produkte ein Rechnungs-, Technik- oder Verkaufsproblem haben, rufen Sie uns bitte an oder f\u00fcllen Sie das Formular unten aus. Wir helfen Ihnen gerne weiter.","protected":false},"author":1,"featured_media":0,"parent":0,"menu_order":0,"comment_status":"closed","ping_status":"closed","template":"customer-support.php","meta":{"_acf_changed":false,"footnotes":""},"class_list":["post-15437","page","type-page","status-publish","hentry"],"acf":[],"yoast_head":"<!-- This site is optimized with the Yoast SEO plugin v24.2 - https:\/\/yoast.com\/wordpress\/plugins\/seo\/ -->\n<title>Kundenunterst\u00fctzung bei Rechnungs-, technischen oder Verkaufsproblemen | ARI Network Services<\/title>\n<meta name=\"description\" content=\"Sie haben eine Frage? Wir werden uns bem\u00fchen, Ihre Rechnungs-, technischen oder Verkaufsprobleme so schnell wie m\u00f6glich zu l\u00f6sen. Nehemn Sie noch heute Kontakt mit uns auf, indem Sie ein Online-Formular ausf\u00fcllen oder uns unter +31 71 524-8030 anrufen.\" \/>\n<meta name=\"robots\" content=\"index, follow, max-snippet:-1, max-image-preview:large, max-video-preview:-1\" \/>\n<link rel=\"canonical\" href=\"https:\/\/arinet.nl\/de\/kundenunterstutzung\/\" \/>\n<meta property=\"og:locale\" content=\"de_DE\" \/>\n<meta property=\"og:type\" content=\"article\" \/>\n<meta property=\"og:title\" content=\"Kundenunterst\u00fctzung bei Rechnungs-, technischen oder Verkaufsproblemen | ARI Network Services\" \/>\n<meta property=\"og:description\" content=\"Sie haben eine Frage? Wir werden uns bem\u00fchen, Ihre Rechnungs-, technischen oder Verkaufsprobleme so schnell wie m\u00f6glich zu l\u00f6sen. Nehemn Sie noch heute Kontakt mit uns auf, indem Sie ein Online-Formular ausf\u00fcllen oder uns unter +31 71 524-8030 anrufen.\" \/>\n<meta property=\"og:url\" content=\"https:\/\/arinet.nl\/de\/kundenunterstutzung\/\" \/>\n<meta property=\"og:site_name\" content=\"ARI International\" \/>\n<meta property=\"article:modified_time\" content=\"2018-05-01T13:58:10+00:00\" \/>\n<meta name=\"twitter:card\" content=\"summary_large_image\" \/>\n<script type=\"application\/ld+json\" class=\"yoast-schema-graph\">{\"@context\":\"https:\/\/schema.org\",\"@graph\":[{\"@type\":\"WebPage\",\"@id\":\"https:\/\/arinet.nl\/de\/kundenunterstutzung\/\",\"url\":\"https:\/\/arinet.nl\/de\/kundenunterstutzung\/\",\"name\":\"Kundenunterst\u00fctzung bei Rechnungs-, technischen oder Verkaufsproblemen | ARI Network Services\",\"isPartOf\":{\"@id\":\"https:\/\/arinet.nl\/de\/#website\"},\"datePublished\":\"2017-12-15T20:48:42+00:00\",\"dateModified\":\"2018-05-01T13:58:10+00:00\",\"description\":\"Sie haben eine Frage? Wir werden uns bem\u00fchen, Ihre Rechnungs-, technischen oder Verkaufsprobleme so schnell wie m\u00f6glich zu l\u00f6sen. Nehemn Sie noch heute Kontakt mit uns auf, indem Sie ein Online-Formular ausf\u00fcllen oder uns unter +31 71 524-8030 anrufen.\",\"breadcrumb\":{\"@id\":\"https:\/\/arinet.nl\/de\/kundenunterstutzung\/#breadcrumb\"},\"inLanguage\":\"de-DE\",\"potentialAction\":[{\"@type\":\"ReadAction\",\"target\":[\"https:\/\/arinet.nl\/de\/kundenunterstutzung\/\"]}]},{\"@type\":\"BreadcrumbList\",\"@id\":\"https:\/\/arinet.nl\/de\/kundenunterstutzung\/#breadcrumb\",\"itemListElement\":[{\"@type\":\"ListItem\",\"position\":1,\"name\":\"Home\",\"item\":\"https:\/\/arinet.nl\/de\/\"},{\"@type\":\"ListItem\",\"position\":2,\"name\":\"Kundenunterst\u00fctzung\"}]},{\"@type\":\"WebSite\",\"@id\":\"https:\/\/arinet.nl\/de\/#website\",\"url\":\"https:\/\/arinet.nl\/de\/\",\"name\":\"LeadVenture\",\"description\":\"\",\"publisher\":{\"@id\":\"https:\/\/arinet.nl\/de\/#organization\"},\"potentialAction\":[{\"@type\":\"SearchAction\",\"target\":{\"@type\":\"EntryPoint\",\"urlTemplate\":\"https:\/\/arinet.nl\/de\/?s={search_term_string}\"},\"query-input\":{\"@type\":\"PropertyValueSpecification\",\"valueRequired\":true,\"valueName\":\"search_term_string\"}}],\"inLanguage\":\"de-DE\"},{\"@type\":\"Organization\",\"@id\":\"https:\/\/arinet.nl\/de\/#organization\",\"name\":\"LeadVenture\",\"url\":\"https:\/\/arinet.nl\/de\/\",\"logo\":{\"@type\":\"ImageObject\",\"inLanguage\":\"de-DE\",\"@id\":\"https:\/\/arinet.nl\/de\/#\/schema\/logo\/image\/\",\"url\":\"https:\/\/arinet.nl\/wp-content\/uploads\/2026\/02\/lvlogo.png\",\"contentUrl\":\"https:\/\/arinet.nl\/wp-content\/uploads\/2026\/02\/lvlogo.png\",\"width\":437,\"height\":160,\"caption\":\"LeadVenture\"},\"image\":{\"@id\":\"https:\/\/arinet.nl\/de\/#\/schema\/logo\/image\/\"}}]}<\/script>\n<!-- \/ Yoast SEO plugin. -->","yoast_head_json":{"title":"Kundenunterst\u00fctzung bei Rechnungs-, technischen oder Verkaufsproblemen | ARI Network Services","description":"Sie haben eine Frage? Wir werden uns bem\u00fchen, Ihre Rechnungs-, technischen oder Verkaufsprobleme so schnell wie m\u00f6glich zu l\u00f6sen. Nehemn Sie noch heute Kontakt mit uns auf, indem Sie ein Online-Formular ausf\u00fcllen oder uns unter +31 71 524-8030 anrufen.","robots":{"index":"index","follow":"follow","max-snippet":"max-snippet:-1","max-image-preview":"max-image-preview:large","max-video-preview":"max-video-preview:-1"},"canonical":"https:\/\/arinet.nl\/de\/kundenunterstutzung\/","og_locale":"de_DE","og_type":"article","og_title":"Kundenunterst\u00fctzung bei Rechnungs-, technischen oder Verkaufsproblemen | ARI Network Services","og_description":"Sie haben eine Frage? Wir werden uns bem\u00fchen, Ihre Rechnungs-, technischen oder Verkaufsprobleme so schnell wie m\u00f6glich zu l\u00f6sen. Nehemn Sie noch heute Kontakt mit uns auf, indem Sie ein Online-Formular ausf\u00fcllen oder uns unter +31 71 524-8030 anrufen.","og_url":"https:\/\/arinet.nl\/de\/kundenunterstutzung\/","og_site_name":"ARI International","article_modified_time":"2018-05-01T13:58:10+00:00","twitter_card":"summary_large_image","schema":{"@context":"https:\/\/schema.org","@graph":[{"@type":"WebPage","@id":"https:\/\/arinet.nl\/de\/kundenunterstutzung\/","url":"https:\/\/arinet.nl\/de\/kundenunterstutzung\/","name":"Kundenunterst\u00fctzung bei Rechnungs-, technischen oder Verkaufsproblemen | ARI Network Services","isPartOf":{"@id":"https:\/\/arinet.nl\/de\/#website"},"datePublished":"2017-12-15T20:48:42+00:00","dateModified":"2018-05-01T13:58:10+00:00","description":"Sie haben eine Frage? Wir werden uns bem\u00fchen, Ihre Rechnungs-, technischen oder Verkaufsprobleme so schnell wie m\u00f6glich zu l\u00f6sen. Nehemn Sie noch heute Kontakt mit uns auf, indem Sie ein Online-Formular ausf\u00fcllen oder uns unter +31 71 524-8030 anrufen.","breadcrumb":{"@id":"https:\/\/arinet.nl\/de\/kundenunterstutzung\/#breadcrumb"},"inLanguage":"de-DE","potentialAction":[{"@type":"ReadAction","target":["https:\/\/arinet.nl\/de\/kundenunterstutzung\/"]}]},{"@type":"BreadcrumbList","@id":"https:\/\/arinet.nl\/de\/kundenunterstutzung\/#breadcrumb","itemListElement":[{"@type":"ListItem","position":1,"name":"Home","item":"https:\/\/arinet.nl\/de\/"},{"@type":"ListItem","position":2,"name":"Kundenunterst\u00fctzung"}]},{"@type":"WebSite","@id":"https:\/\/arinet.nl\/de\/#website","url":"https:\/\/arinet.nl\/de\/","name":"LeadVenture","description":"","publisher":{"@id":"https:\/\/arinet.nl\/de\/#organization"},"potentialAction":[{"@type":"SearchAction","target":{"@type":"EntryPoint","urlTemplate":"https:\/\/arinet.nl\/de\/?s={search_term_string}"},"query-input":{"@type":"PropertyValueSpecification","valueRequired":true,"valueName":"search_term_string"}}],"inLanguage":"de-DE"},{"@type":"Organization","@id":"https:\/\/arinet.nl\/de\/#organization","name":"LeadVenture","url":"https:\/\/arinet.nl\/de\/","logo":{"@type":"ImageObject","inLanguage":"de-DE","@id":"https:\/\/arinet.nl\/de\/#\/schema\/logo\/image\/","url":"https:\/\/arinet.nl\/wp-content\/uploads\/2026\/02\/lvlogo.png","contentUrl":"https:\/\/arinet.nl\/wp-content\/uploads\/2026\/02\/lvlogo.png","width":437,"height":160,"caption":"LeadVenture"},"image":{"@id":"https:\/\/arinet.nl\/de\/#\/schema\/logo\/image\/"}}]}},"publishpress_future_workflow_manual_trigger":{"enabledWorkflows":[]},"_links":{"self":[{"href":"https:\/\/arinet.nl\/de\/wp-json\/wp\/v2\/pages\/15437"}],"collection":[{"href":"https:\/\/arinet.nl\/de\/wp-json\/wp\/v2\/pages"}],"about":[{"href":"https:\/\/arinet.nl\/de\/wp-json\/wp\/v2\/types\/page"}],"author":[{"embeddable":true,"href":"https:\/\/arinet.nl\/de\/wp-json\/wp\/v2\/users\/1"}],"replies":[{"embeddable":true,"href":"https:\/\/arinet.nl\/de\/wp-json\/wp\/v2\/comments?post=15437"}],"version-history":[{"count":2,"href":"https:\/\/arinet.nl\/de\/wp-json\/wp\/v2\/pages\/15437\/revisions"}],"predecessor-version":[{"id":21416,"href":"https:\/\/arinet.nl\/de\/wp-json\/wp\/v2\/pages\/15437\/revisions\/21416"}],"wp:attachment":[{"href":"https:\/\/arinet.nl\/de\/wp-json\/wp\/v2\/media?parent=15437"}],"curies":[{"name":"wp","href":"https:\/\/api.w.org\/{rel}","templated":true}]}}