{"id":15427,"date":"2017-12-15T20:48:38","date_gmt":"2017-12-15T20:48:38","guid":{"rendered":"http:\/\/arinet.nl\/partsmart\/"},"modified":"2018-04-24T20:08:46","modified_gmt":"2018-04-24T20:08:46","slug":"partsmart","status":"publish","type":"page","link":"https:\/\/arinet.nl\/de\/partsmart\/","title":{"rendered":"PartSmart"},"content":{"rendered":"<p>Die branchenf\u00fchrende OEM-Ersatzteilliste f\u00fcr elektronische Katalogl\u00f6sungen.<\/p>\n","protected":false},"excerpt":{"rendered":"Die branchenf\u00fchrende OEM-Ersatzteilliste f\u00fcr elektronische Katalogl\u00f6sungen.","protected":false},"author":1,"featured_media":21275,"parent":0,"menu_order":0,"comment_status":"closed","ping_status":"closed","template":"solutions-wildcard.php","meta":{"_acf_changed":false,"footnotes":""},"class_list":["post-15427","page","type-page","status-publish","has-post-thumbnail","hentry"],"acf":[],"yoast_head":"<!-- This site is optimized with the Yoast SEO plugin v24.2 - https:\/\/yoast.com\/wordpress\/plugins\/seo\/ -->\n<title>Erleben Sie die Effizienz von PartSmart | ARI Network Services<\/title>\n<meta name=\"description\" content=\"Jetzt m\u00fcssen Sie sich bei der Suche nach den ben\u00f6tigten Teilen nicht mehr mit gedruckten Katalogen herumschlagen. PartSmart\u00ae \u2013 der k\u00fcrzeste Weg zum richtigen Teil, und das gleich beim ersten Versuch! Informieren Sie sich n\u00e4her oder rufen Sie uns an unter +31 71 524-8030.\" \/>\n<meta name=\"robots\" content=\"index, follow, max-snippet:-1, max-image-preview:large, max-video-preview:-1\" \/>\n<link rel=\"canonical\" href=\"https:\/\/arinet.nl\/de\/partsmart\/\" \/>\n<meta property=\"og:locale\" content=\"de_DE\" \/>\n<meta property=\"og:type\" content=\"article\" \/>\n<meta property=\"og:title\" content=\"Erleben Sie die Effizienz von PartSmart | ARI Network Services\" \/>\n<meta property=\"og:description\" content=\"Jetzt m\u00fcssen Sie sich bei der Suche nach den ben\u00f6tigten Teilen nicht mehr mit gedruckten Katalogen herumschlagen. PartSmart\u00ae \u2013 der k\u00fcrzeste Weg zum richtigen Teil, und das gleich beim ersten Versuch! Informieren Sie sich n\u00e4her oder rufen Sie uns an unter +31 71 524-8030.\" \/>\n<meta property=\"og:url\" content=\"https:\/\/arinet.nl\/de\/partsmart\/\" \/>\n<meta property=\"og:site_name\" content=\"ARI International\" \/>\n<meta property=\"article:modified_time\" content=\"2018-04-24T20:08:46+00:00\" \/>\n<meta property=\"og:image\" content=\"https:\/\/arinet.nl\/wp-content\/uploads\/2018\/03\/partsmart.png\" \/>\n\t<meta property=\"og:image:width\" content=\"46\" \/>\n\t<meta property=\"og:image:height\" content=\"42\" \/>\n\t<meta property=\"og:image:type\" content=\"image\/png\" \/>\n<meta name=\"twitter:card\" content=\"summary_large_image\" \/>\n<script type=\"application\/ld+json\" class=\"yoast-schema-graph\">{\"@context\":\"https:\/\/schema.org\",\"@graph\":[{\"@type\":\"WebPage\",\"@id\":\"https:\/\/arinet.nl\/de\/partsmart\/\",\"url\":\"https:\/\/arinet.nl\/de\/partsmart\/\",\"name\":\"Erleben Sie die Effizienz von PartSmart | ARI Network Services\",\"isPartOf\":{\"@id\":\"https:\/\/arinet.nl\/de\/#website\"},\"primaryImageOfPage\":{\"@id\":\"https:\/\/arinet.nl\/de\/partsmart\/#primaryimage\"},\"image\":{\"@id\":\"https:\/\/arinet.nl\/de\/partsmart\/#primaryimage\"},\"thumbnailUrl\":\"https:\/\/arinet.nl\/wp-content\/uploads\/2018\/03\/partsmart.png\",\"datePublished\":\"2017-12-15T20:48:38+00:00\",\"dateModified\":\"2018-04-24T20:08:46+00:00\",\"description\":\"Jetzt m\u00fcssen Sie sich bei der Suche nach den ben\u00f6tigten Teilen nicht mehr mit gedruckten Katalogen herumschlagen. PartSmart\u00ae \u2013 der k\u00fcrzeste Weg zum richtigen Teil, und das gleich beim ersten Versuch! Informieren Sie sich n\u00e4her oder rufen Sie uns an unter +31 71 524-8030.\",\"breadcrumb\":{\"@id\":\"https:\/\/arinet.nl\/de\/partsmart\/#breadcrumb\"},\"inLanguage\":\"de-DE\",\"potentialAction\":[{\"@type\":\"ReadAction\",\"target\":[\"https:\/\/arinet.nl\/de\/partsmart\/\"]}]},{\"@type\":\"ImageObject\",\"inLanguage\":\"de-DE\",\"@id\":\"https:\/\/arinet.nl\/de\/partsmart\/#primaryimage\",\"url\":\"https:\/\/arinet.nl\/wp-content\/uploads\/2018\/03\/partsmart.png\",\"contentUrl\":\"https:\/\/arinet.nl\/wp-content\/uploads\/2018\/03\/partsmart.png\",\"width\":46,\"height\":42},{\"@type\":\"BreadcrumbList\",\"@id\":\"https:\/\/arinet.nl\/de\/partsmart\/#breadcrumb\",\"itemListElement\":[{\"@type\":\"ListItem\",\"position\":1,\"name\":\"Home\",\"item\":\"https:\/\/arinet.nl\/de\/\"},{\"@type\":\"ListItem\",\"position\":2,\"name\":\"PartSmart\"}]},{\"@type\":\"WebSite\",\"@id\":\"https:\/\/arinet.nl\/de\/#website\",\"url\":\"https:\/\/arinet.nl\/de\/\",\"name\":\"LeadVenture\",\"description\":\"\",\"publisher\":{\"@id\":\"https:\/\/arinet.nl\/de\/#organization\"},\"potentialAction\":[{\"@type\":\"SearchAction\",\"target\":{\"@type\":\"EntryPoint\",\"urlTemplate\":\"https:\/\/arinet.nl\/de\/?s={search_term_string}\"},\"query-input\":{\"@type\":\"PropertyValueSpecification\",\"valueRequired\":true,\"valueName\":\"search_term_string\"}}],\"inLanguage\":\"de-DE\"},{\"@type\":\"Organization\",\"@id\":\"https:\/\/arinet.nl\/de\/#organization\",\"name\":\"LeadVenture\",\"url\":\"https:\/\/arinet.nl\/de\/\",\"logo\":{\"@type\":\"ImageObject\",\"inLanguage\":\"de-DE\",\"@id\":\"https:\/\/arinet.nl\/de\/#\/schema\/logo\/image\/\",\"url\":\"https:\/\/arinet.nl\/wp-content\/uploads\/2026\/02\/lvlogo.png\",\"contentUrl\":\"https:\/\/arinet.nl\/wp-content\/uploads\/2026\/02\/lvlogo.png\",\"width\":437,\"height\":160,\"caption\":\"LeadVenture\"},\"image\":{\"@id\":\"https:\/\/arinet.nl\/de\/#\/schema\/logo\/image\/\"}}]}<\/script>\n<!-- \/ Yoast SEO plugin. -->","yoast_head_json":{"title":"Erleben Sie die Effizienz von PartSmart | ARI Network Services","description":"Jetzt m\u00fcssen Sie sich bei der Suche nach den ben\u00f6tigten Teilen nicht mehr mit gedruckten Katalogen herumschlagen. PartSmart\u00ae \u2013 der k\u00fcrzeste Weg zum richtigen Teil, und das gleich beim ersten Versuch! Informieren Sie sich n\u00e4her oder rufen Sie uns an unter +31 71 524-8030.","robots":{"index":"index","follow":"follow","max-snippet":"max-snippet:-1","max-image-preview":"max-image-preview:large","max-video-preview":"max-video-preview:-1"},"canonical":"https:\/\/arinet.nl\/de\/partsmart\/","og_locale":"de_DE","og_type":"article","og_title":"Erleben Sie die Effizienz von PartSmart | ARI Network Services","og_description":"Jetzt m\u00fcssen Sie sich bei der Suche nach den ben\u00f6tigten Teilen nicht mehr mit gedruckten Katalogen herumschlagen. PartSmart\u00ae \u2013 der k\u00fcrzeste Weg zum richtigen Teil, und das gleich beim ersten Versuch! Informieren Sie sich n\u00e4her oder rufen Sie uns an unter +31 71 524-8030.","og_url":"https:\/\/arinet.nl\/de\/partsmart\/","og_site_name":"ARI International","article_modified_time":"2018-04-24T20:08:46+00:00","og_image":[{"width":46,"height":42,"url":"https:\/\/arinet.nl\/wp-content\/uploads\/2018\/03\/partsmart.png","type":"image\/png"}],"twitter_card":"summary_large_image","schema":{"@context":"https:\/\/schema.org","@graph":[{"@type":"WebPage","@id":"https:\/\/arinet.nl\/de\/partsmart\/","url":"https:\/\/arinet.nl\/de\/partsmart\/","name":"Erleben Sie die Effizienz von PartSmart | ARI Network Services","isPartOf":{"@id":"https:\/\/arinet.nl\/de\/#website"},"primaryImageOfPage":{"@id":"https:\/\/arinet.nl\/de\/partsmart\/#primaryimage"},"image":{"@id":"https:\/\/arinet.nl\/de\/partsmart\/#primaryimage"},"thumbnailUrl":"https:\/\/arinet.nl\/wp-content\/uploads\/2018\/03\/partsmart.png","datePublished":"2017-12-15T20:48:38+00:00","dateModified":"2018-04-24T20:08:46+00:00","description":"Jetzt m\u00fcssen Sie sich bei der Suche nach den ben\u00f6tigten Teilen nicht mehr mit gedruckten Katalogen herumschlagen. PartSmart\u00ae \u2013 der k\u00fcrzeste Weg zum richtigen Teil, und das gleich beim ersten Versuch! Informieren Sie sich n\u00e4her oder rufen Sie uns an unter +31 71 524-8030.","breadcrumb":{"@id":"https:\/\/arinet.nl\/de\/partsmart\/#breadcrumb"},"inLanguage":"de-DE","potentialAction":[{"@type":"ReadAction","target":["https:\/\/arinet.nl\/de\/partsmart\/"]}]},{"@type":"ImageObject","inLanguage":"de-DE","@id":"https:\/\/arinet.nl\/de\/partsmart\/#primaryimage","url":"https:\/\/arinet.nl\/wp-content\/uploads\/2018\/03\/partsmart.png","contentUrl":"https:\/\/arinet.nl\/wp-content\/uploads\/2018\/03\/partsmart.png","width":46,"height":42},{"@type":"BreadcrumbList","@id":"https:\/\/arinet.nl\/de\/partsmart\/#breadcrumb","itemListElement":[{"@type":"ListItem","position":1,"name":"Home","item":"https:\/\/arinet.nl\/de\/"},{"@type":"ListItem","position":2,"name":"PartSmart"}]},{"@type":"WebSite","@id":"https:\/\/arinet.nl\/de\/#website","url":"https:\/\/arinet.nl\/de\/","name":"LeadVenture","description":"","publisher":{"@id":"https:\/\/arinet.nl\/de\/#organization"},"potentialAction":[{"@type":"SearchAction","target":{"@type":"EntryPoint","urlTemplate":"https:\/\/arinet.nl\/de\/?s={search_term_string}"},"query-input":{"@type":"PropertyValueSpecification","valueRequired":true,"valueName":"search_term_string"}}],"inLanguage":"de-DE"},{"@type":"Organization","@id":"https:\/\/arinet.nl\/de\/#organization","name":"LeadVenture","url":"https:\/\/arinet.nl\/de\/","logo":{"@type":"ImageObject","inLanguage":"de-DE","@id":"https:\/\/arinet.nl\/de\/#\/schema\/logo\/image\/","url":"https:\/\/arinet.nl\/wp-content\/uploads\/2026\/02\/lvlogo.png","contentUrl":"https:\/\/arinet.nl\/wp-content\/uploads\/2026\/02\/lvlogo.png","width":437,"height":160,"caption":"LeadVenture"},"image":{"@id":"https:\/\/arinet.nl\/de\/#\/schema\/logo\/image\/"}}]}},"publishpress_future_workflow_manual_trigger":{"enabledWorkflows":[]},"_links":{"self":[{"href":"https:\/\/arinet.nl\/de\/wp-json\/wp\/v2\/pages\/15427"}],"collection":[{"href":"https:\/\/arinet.nl\/de\/wp-json\/wp\/v2\/pages"}],"about":[{"href":"https:\/\/arinet.nl\/de\/wp-json\/wp\/v2\/types\/page"}],"author":[{"embeddable":true,"href":"https:\/\/arinet.nl\/de\/wp-json\/wp\/v2\/users\/1"}],"replies":[{"embeddable":true,"href":"https:\/\/arinet.nl\/de\/wp-json\/wp\/v2\/comments?post=15427"}],"version-history":[{"count":4,"href":"https:\/\/arinet.nl\/de\/wp-json\/wp\/v2\/pages\/15427\/revisions"}],"predecessor-version":[{"id":21469,"href":"https:\/\/arinet.nl\/de\/wp-json\/wp\/v2\/pages\/15427\/revisions\/21469"}],"wp:featuredmedia":[{"embeddable":true,"href":"https:\/\/arinet.nl\/de\/wp-json\/wp\/v2\/media\/21275"}],"wp:attachment":[{"href":"https:\/\/arinet.nl\/de\/wp-json\/wp\/v2\/media?parent=15427"}],"curies":[{"name":"wp","href":"https:\/\/api.w.org\/{rel}","templated":true}]}}